{"id":340,"date":"2025-01-23T10:02:26","date_gmt":"2025-01-23T09:02:26","guid":{"rendered":"https:\/\/www.frymburkdent.cz\/zasady-ochrany-osobnich-udaju\/"},"modified":"2025-10-15T14:16:27","modified_gmt":"2025-10-15T12:16:27","slug":"datenschutzerklaerung","status":"publish","type":"page","link":"https:\/\/www.frymburkdent.cz\/de\/datenschutzerklaerung\/","title":{"rendered":"Datenschutzerkl\u00e4rung"},"content":{"rendered":"\r\n<h2 class=\"wp-block-heading\">1. Einleitende Bestimmungen<\/h2>\r\n<p>1.1 Dent\u00e1ln\u00ed centrum Frymburk s.r.o. , I\u010cO: 17151911, mit Sitz in Frymburk 5, 382 79 Frymburk, eingetragen im Gewerberegister, C 32202\/KSCB, Regionalgericht in \u010cesk\u00fdch Bud\u011bjovic\u00edch (im Folgenden \u201eDent\u00e1ln\u00ed centrum Frymburk s.r.o.\u201c), respektiert als Verwalter personenbezogener Daten uneingeschr\u00e4nkt das Recht auf Privatsph\u00e4re seiner Kunden (im Folgenden auch \u201ebetroffene Person\u201c) und die damit verbundenen Rechte und hat daher die folgenden Grunds\u00e4tze f\u00fcr die Verarbeitung personenbezogener Daten verabschiedet.<\/p>\r\n<p>1.2 Diese Grunds\u00e4tze der Verarbeitung personenbezogener Daten stellen Informationen f\u00fcr Kunden der Dent\u00e1ln\u00ed centrum Frymburk s.r.o. \u00fcber die Art und den Umfang der Verarbeitung personenbezogener Daten durch die Dent\u00e1ln\u00ed centrum Frymburk s.r.o. dar, einschlie\u00dflich des Umfangs der Rechte der betroffenen Personen im Zusammenhang mit der Verarbeitung ihrer personenbezogenen Daten durch die Dent\u00e1ln\u00ed centrum Frymburk s.r.o..<\/p>\r\n<p>1.3 Das Dentalzentrum Frymburk s.r.o. verarbeitet personenbezogene Daten gem\u00e4\u00df der Verordnung (EU) 2016\/679 des Europ\u00e4ischen Parlaments und des Rates vom 27. April 2016 zum Schutz nat\u00fcrlicher Personen bei der Verarbeitung personenbezogener Daten, zum freien Datenverkehr und zur Aufhebung der Richtlinie 95\/46\/EG (Datenschutz-Grundverordnung) in der jeweils g\u00fcltigen Fassung (im Folgenden \u201eVerordnung\u201c) sowie in \u00dcbereinstimmung mit den einschl\u00e4gigen geltenden nationalen Rechtsvorschriften im Bereich des Datenschutzes.<\/p>\r\n<h2>2. Definition der verarbeiteten personenbezogenen Daten<\/h2>\r\n<p>2.1 Das Dentalzentrum Frymburk s.r.o. verarbeitet insbesondere, jedoch nicht ausschlie\u00dflich, folgende personenbezogene Daten:<\/p>\r\n<ul>\r\n<li>Identifikations- und Adressdaten (Vorname, Nachname, Geburtsdatum, Geburtsnummer, Adresse des st\u00e4ndigen oder sonstigen Wohnsitzes, bei nat\u00fcrlichen Personen, die Unternehmer sind, Name des Unternehmens, Umsatzsteuer-Identifikationsnummer und Unternehmensidentifikationsnummer, Sitz, Gesch\u00e4ftssitz),<\/li>\r\n<li>Kontaktdaten (vom Kunden angegebene Kontakt- oder Rechnungsadresse, Telefon- oder Faxnummer, E-Mail-Adresse oder andere vom Kunden bereitgestellte Kontaktdaten),<\/li>\r\n<li>weitere personenbezogene Daten (z. B. soziodemografische Daten, Daten zu pers\u00f6nlichen Pr\u00e4ferenzen und Verhaltensweisen oder Standortdaten einschlie\u00dflich IP- oder URL-Adressen).<\/li>\r\n<\/ul>\r\n<p>2.2 Das Dentalzentrum Frymburk s.r.o. verarbeitet keine besonderen Kategorien personenbezogener Daten (d. h. sensible Daten).<\/p>\r\n<p>2.3 Das Dentalzentrum Frymburk s.r.o. verarbeitet personenbezogene Daten nur in \u00dcbereinstimmung mit den unten genannten Zwecken und in dem Umfang und f\u00fcr die Dauer, die zur Erf\u00fcllung dieser festgelegten Zwecke erforderlich sind.<\/p>\r\n<h2>3. Zwecke der Verarbeitung personenbezogener Daten und deren Rechtsgrundlagen<\/h2>\r\n<p>3.1 Das Dentalzentrum Frymburk s.r.o. verarbeitet personenbezogene Daten von Kunden insbesondere, jedoch nicht ausschlie\u00dflich, f\u00fcr folgende Zwecke:<\/p>\r\n<h4>Lieferung, Bereitstellung und Durchf\u00fchrung der bestellten Dienstleistung<\/h4>\r\n<p>In diesem Fall ist die Verarbeitung personenbezogener Daten f\u00fcr die Verhandlungen \u00fcber den Abschluss oder die \u00c4nderung eines Vertrags, dessen Vertragspartei die betroffene Person ist, sowie f\u00fcr die anschlie\u00dfende Erf\u00fcllung dieses Vertrags und die Abrechnung der erbrachten Dienstleistungen erforderlich.<\/p>\r\n<p>Bei der Erstellung einer Bestellung sammelt und verarbeitet Dent\u00e1ln\u00ed centrum Frymburk s.r.o. personenbezogene Daten der betroffenen Person in folgendem Umfang: Vorname, Nachname, Adresse, Geburtsdatum, Telefonnummer, E-Mail-Adresse. Die Angabe dieser personenbezogenen Daten durch die betroffene Person ist eine Grundvoraussetzung f\u00fcr den Abschluss oder die \u00c4nderung des entsprechenden Vertrags, wobei die Bereitstellung personenbezogener Daten in erster Linie der eindeutigen und unverwechselbaren Identifizierung der betroffenen Person bzw. ihrer Kontaktaufnahme dient.Das Dentalzentrum Frymburk s.r.o. kann im Zusammenhang mit der Erbringung von Dienstleistungen personenbezogene Daten der betroffenen Person in dem Umfang verarbeiten, der sich aus einem konkreten Vertrag oder aus dem Gesetz ergibt (z. B. bei Bedarf zur Personalisierung einer Bestellung die Profildaten der betroffenen Person), bei der Verwaltung und Erstellung von Konten auf der Website, bei der Nutzung von Webanwendungen usw.<\/p>\r\n<h4>Schutz der Rechte von Dent\u00e1ln\u00ed centrum Frymburk s.r.o. im Falle eines Rechtsstreits mit einem Kunden<\/h4>\r\n<p>Das Dentalzentrum Frymburk s.r.o. ist ebenfalls berechtigt, die oben genannten personenbezogenen Daten zum Schutz seiner Rechte im Falle eines Rechtsstreits mit einem Kunden zu verarbeiten.<\/p>\r\n<h4>Erstellung und Erfassung von Gesch\u00e4ftsm\u00f6glichkeiten und Gesch\u00e4ftskommunikation<\/h4>\r\n<p>Die oben genannten personenbezogenen Daten werden von Dent\u00e1ln\u00ed centrum Frymburk s.r.o. im Rahmen der Erstellung und Erfassung von Gesch\u00e4ftsm\u00f6glichkeiten und zur Durchf\u00fchrung der Gesch\u00e4ftskommunikation weiterverarbeitet.<\/p>\r\n<h4>Kundenidentifizierung<\/h4>\r\n<p>In diesem Fall werden personenbezogene Daten in folgendem Umfang verarbeitet: Vorname, Nachname, st\u00e4ndiger oder anderer Wohnsitz, Geburtsnummer oder Geburtsdatum, Art und Nummer des Ausweises, Staat bzw. ausstellende Beh\u00f6rde und G\u00fcltigkeitsdauer. Dies ist zur Erf\u00fcllung der gesetzlichen Verpflichtung der Dent\u00e1ln\u00ed centrum Frymburk s.r.o. erforderlich. bei Barzahlungen \u00fcber den in Gesetz Nr. 253\/2008 Sb. \u00fcber bestimmte Ma\u00dfnahmen zur Bek\u00e4mpfung der Legalisierung von Ertr\u00e4gen aus Straftaten und der Finanzierung des Terrorismus in der geltenden Fassung festgelegten H\u00f6chstbetrag hinaus.<\/p>\r\n<h4>Versand von Werbemitteilungen einschlie\u00dflich Angeboten f\u00fcr Produkte und Dienstleistungen<\/h4>\r\n<p>Dent\u00e1ln\u00ed centrum Frymburk s.r.o. und Informationen \u00fcber organisierte Marketing- oder andere Veranstaltungen mittels elektronischer Mittel im Sinne des Gesetzes Nr. 480\/2004 Sb., \u00fcber bestimmte Dienste der Informationsgesellschaft, in der geltenden Fassung.<br \/>In diesem Fall erhebt und verarbeitet das Dent\u00e1ln\u00ed centrum Frymburk s.r.o. personenbezogene Daten der betroffenen Personen in folgendem Umfang: Vorname, Nachname, Geburtsdatum, Adresse, Telefonnummer, E-Mail-Adresse, Staatsangeh\u00f6rigkeit, und zwar ausschlie\u00dflich auf der Grundlage einer freiwillig erteilten Einwilligung zur Verarbeitung personenbezogener Daten. Diese Einwilligung zur Verarbeitung personenbezogener Daten kann die betroffene Person jederzeit widerrufen, und zwar durch eine schriftliche Mitteilung, die dem Dent\u00e1ln\u00ed centrum Frymburk s.r.o. \u00fcber die unten angegebenen Kontaktdaten zugestellt wird. Der Widerruf der Einwilligung hat keinen Einfluss auf die Rechtm\u00e4\u00dfigkeit der Verarbeitung, die auf der Einwilligung vor deren Widerruf beruht. Der Widerruf der Einwilligung hat keinen Einfluss auf die Verarbeitung personenbezogener Daten, die Dent\u00e1ln\u00ed centrum Frymburk s.r.o. auf einer anderen Rechtsgrundlage als der Einwilligung (z. B. Erf\u00fcllung eines Vertrags oder einer gesetzlichen Verpflichtung) verarbeitet.<\/p>\r\n<h2>4. Sicherheit und Zugriff auf personenbezogene Daten<\/h2>\r\n<p>4.1 Das Dentalzentrum Frymburk s.r.o. wendet alle erforderlichen technischen und organisatorischen Ma\u00dfnahmen an, um die Sicherheit und Vertraulichkeit aller personenbezogenen Daten der betroffenen Personen zu gew\u00e4hrleisten, insbesondere um einen unbefugten oder zuf\u00e4lligen Zugriff auf diese Daten, deren Ver\u00e4nderung, Zerst\u00f6rung oder Verlust, unbefugte Weitergabe oder \u00dcbertragung sowie jede andere unbefugte Verarbeitung oder missbr\u00e4uchliche Verwendung zu verhindern.<\/p>\r\n<p>4.2 Personenbezogene Daten k\u00f6nnen zur Gew\u00e4hrleistung der oben beschriebenen Zwecke neben Dent\u00e1ln\u00ed centrum Frymburk s.r.o. und seinen beauftragten Mitarbeitern auch von Gesch\u00e4ftspartnern von Dent\u00e1ln\u00ed centrum Frymburk s.r.o. verarbeitet werden. Externe Partner, die als Verarbeiter personenbezogene Daten der betroffenen Person verarbeiten d\u00fcrfen, werden von Dent\u00e1ln\u00ed centrum Frymburk s.r.o. sorgf\u00e4ltig ausgew\u00e4hlt, und personenbezogene Daten werden nur solchen Partnern anvertraut, die ausreichende Garantien f\u00fcr geeignete technische und organisatorische Ma\u00dfnahmen zur Gew\u00e4hrleistung der Sicherheit personenbezogener Daten bieten.<\/p>\r\n<p>4.3 Weitere Stellen, die Zugang zu den personenbezogenen Daten der Kunden haben oder in Zukunft haben k\u00f6nnten, sind insbesondere, aber nicht ausschlie\u00dflich:<\/p>\r\n<ul>\r\n<li>Personen, die f\u00fcr Dent\u00e1ln\u00ed centrum Frymburk s.r.o. den technischen Betrieb bestimmter Dienstleistungen sicherstellen, oder Betreiber von Technologien, die Dent\u00e1ln\u00ed centrum Frymburk s.r.o. f\u00fcr diese Dienstleistungen nutzt;<\/li>\r\n<li>Personen, denen das Dentalzentrum Frymburk s.r.o. Daten zum Zwecke der Analyse und Messung von Vertriebsaktivit\u00e4ten zur Verf\u00fcgung stellt;<\/li>\r\n<li>Personen, die f\u00fcr Dent\u00e1ln\u00ed centrum Frymburk s.r.o. bestimmte Dienstleistungen im Zusammenhang mit der Bereitstellung von Produkten und Dienstleistungen von Dent\u00e1ln\u00ed centrum Frymburk s.r.o. oder dem Versand von Werbemitteilungen erbringen;<\/li>\r\n<li>Gesch\u00e4ftspartner, die an der Organisation von gesellschaftlichen und Marketingveranstaltungen beteiligt sind Dent\u00e1ln\u00ed centrum Frymburk s.r.o.;<\/li>\r\n<li>Anwaltskanzlei zum Zwecke der Eintreibung von Forderungen Dent\u00e1ln\u00ed centrum Frymburk s.r.o.<\/li>\r\n<\/ul>\r\n<p>4.4 Das Dentalzentrum Frymburk s.r.o. ist au\u00dferdem verpflichtet, bestimmte personenbezogene Daten auf Grundlage geltender Rechtsvorschriften weiterzugeben, insbesondere an staatliche Beh\u00f6rden, Gerichte und Strafverfolgungsbeh\u00f6rden im Zusammenhang mit m\u00f6glichen Verwaltungs-, Straf- oder Zivilverfahren.<\/p>\r\n<h2>5. Dauer der Verarbeitung personenbezogener Daten<\/h2>\r\n<p>5.1 Die Zahnarztpraxis Frymburk s.r.o. verarbeitet personenbezogene Daten f\u00fcr die Dauer des Vertragsverh\u00e4ltnisses und f\u00fcr den Zeitraum, der zur Gew\u00e4hrleistung der sich aus dem Vertrag ergebenden gegenseitigen Rechte und Pflichten erforderlich ist.<\/p>\r\n<p>5.2 Zur Erf\u00fcllung der gesetzlichen Verpflichtungen verarbeitet Dent\u00e1ln\u00ed centrum Frymburk s.r.o. personenbezogene Daten f\u00fcr den in den geltenden Vorschriften vorgesehenen Zeitraum.<\/p>\r\n<p>5.3 Verarbeitet Dent\u00e1ln\u00ed centrum Frymburk s.r.o. personenbezogene Daten auf Grundlage der Einwilligung der betroffenen Person, werden die personenbezogenen Daten f\u00fcr den in der Einwilligung angegebenen Zeitraum oder bis zum Widerruf der Einwilligung durch die betroffene Person verarbeitet.<\/p>\r\n<h2>6. Rechte der betroffenen Person in Bezug auf die Verarbeitung personenbezogener Daten durch Dent\u00e1ln\u00ed centrum Frymburk s.r.o.<\/h2>\r\n<p>6.1 In Bezug auf personenbezogene Daten hat die betroffene Person folgende Rechte:<\/p>\r\n<ul>\r\n<li>das Recht, jederzeit Ihre Einwilligung zur Verarbeitung personenbezogener Daten zu widerrufen (sofern die Verarbeitung auf Ihrer Einwilligung basiert);<\/li>\r\n<li>Recht auf Zugang zu personenbezogenen Daten (Recht, Auskunft dar\u00fcber zu verlangen, ob personenbezogene Daten, die die betroffene Person betreffen, von Dent\u00e1ln\u00ed centrum Frymburk s.r.o. verarbeitet werden, und in diesem Fall hat die betroffene Person das Recht, auf diese personenbezogenen Daten und andere Informationen gem\u00e4\u00df Artikel 15 der Verordnung zuzugreifen);<\/li>\r\n<li>Recht auf Daten\u00fcbertragbarkeit (Recht, die personenbezogenen Daten, die die betroffene Person betreffen, in einem strukturierten, g\u00e4ngigen und maschinenlesbaren Format zu erhalten und diese Daten einem anderen Verantwortlichen zu \u00fcbermitteln; sowie Recht auf direkte \u00dcbermittlung der personenbezogenen Daten von einem Verantwortlichen zu einem anderen, sofern dies technisch m\u00f6glich ist);<\/li>\r\n<li>Recht auf Berichtigung (Recht, von Dent\u00e1ln\u00ed centrum Frymburk s.r.o. zu verlangen, dass unrichtige personenbezogene Daten, die die betroffene Person betreffen, unverz\u00fcglich berichtigt werden);<\/li>\r\n<li>Recht auf Einschr\u00e4nkung der Verarbeitung (Recht, von Dent\u00e1ln\u00ed centrum Frymburk s.r.o. eine Einschr\u00e4nkung der Verarbeitung zu verlangen, unter anderem wenn aufgrund der Anwendung<\/li>\r\n<li>Recht auf Berichtigung, Dent\u00e1ln\u00ed centrum Frymburk s.r.o. \u00fcberpr\u00fcft die Richtigkeit der Daten; oder wenn Dent\u00e1ln\u00ed centrum Frymburk s.r.o. personenbezogene Daten unrechtm\u00e4\u00dfig verarbeitet hat, die betroffene Person jedoch deren L\u00f6schung nicht w\u00fcnscht);<\/li>\r\n<li>Recht auf L\u00f6schung (Recht, von Dent\u00e1ln\u00ed centrum Frymburk s.r.o. zu verlangen, dass die personenbezogenen Daten der betroffenen Person unverz\u00fcglich gel\u00f6scht werden, unter anderem wenn die personenbezogenen Daten f\u00fcr die Zwecke, f\u00fcr die sie erhoben wurden, nicht mehr erforderlich sind oder wenn die betroffene Person die Einwilligung widerrufen hat, auf deren Grundlage Dent\u00e1ln\u00ed centrum Frymburk s.r.o. verarbeitet wurden, und es keine andere Rechtsgrundlage f\u00fcr die Verarbeitung gibt oder wenn die personenbezogenen Daten von Dent\u00e1ln\u00ed centrum Frymburk s.r.o. unrechtm\u00e4\u00dfig verarbeitet wurden);<\/li>\r\n<li>Recht auf Widerspruch gegen die Verarbeitung;<\/li>\r\n<li>das Recht, sich mit Ihrer Beschwerde an die Datenschutzbeh\u00f6rde zu wenden.<\/li>\r\n<\/ul>\r\n<h2>7. Cookies von Google Analytics<\/h2>\r\n<p>7.1 Das Dentalzentrum Frymburk s.r.o. verwendet im Rahmen seiner T\u00e4tigkeit sogenannte Cookies. Cookies sind kurze Textdateien, die der Server beim Aufrufen einer Website auf dem Computer des Benutzers ablegt. Technisch handelt es sich um eine Reihe von Codes, anhand derer der Browser Informationen \u00fcber das Verhalten des Benutzers sammelt und anschlie\u00dfend an den entsprechenden Server zur\u00fccksendet. Cookies dienen dazu, den Inhalt der Website an die Pr\u00e4ferenzen des Benutzers anzupassen, die Nutzung der Website zu optimieren, den Benutzerkomfort zu erh\u00f6hen und Informationen \u00fcber die Nutzung der Dienste und die Aktivit\u00e4ten der Benutzer f\u00fcr deren weitere Analyse zu erhalten. Diese Informationen tragen dazu bei, die Struktur und den Inhalt der Website des Dentalzentrums Frymburk s.r.o. zu verbessern.<\/p>\r\n<p>7.2 Jeder Nutzer kann Cookies \u00fcber seinen Webbrowser ablehnen oder die Verwendung bestimmter Cookies einschr\u00e4nken. Die Einschr\u00e4nkung der Verwendung von Cookies kann jedoch Auswirkungen auf bestimmte Funktionen haben, die f\u00fcr das optimale Funktionieren der Website wichtig sind, und somit zu einer Verschlechterung des Benutzerkomforts f\u00fchren.<\/p>\r\n<p>7.3 Das Dentalzentrum Frymburk s.r.o. nutzt im Rahmen seiner T\u00e4tigkeit weitere Dienste wie beispielsweise Google Analytics (eine Website-Analyse), die es erm\u00f6glicht, statistische Daten \u00fcber die Nutzer der Website zu erheben, insbesondere die aktuelle und historische Besucherzahl sowie das Verhalten der Nutzer der Website und deren Eigenschaften zu messen. Das Ziel dieser Analyse ist es, eine ausreichende Menge an Daten zu sammeln, um Ma\u00dfnahmen zur Optimierung der Effektivit\u00e4t der Website zu ergreifen.<\/p>\r\n<p>7.4 Auf die oben genannte Weise werden personenbezogene Daten jedoch nur in anonymisierter Form erhoben und verarbeitet, ohne dass eine eindeutige Identifizierung der betroffenen Person m\u00f6glich ist.<\/p>\r\n<h2>8. Kontaktm\u00f6glichkeiten Dentalzentrum Frymburk s.r.o.<\/h2>\r\n<p>8.1 Bei Fragen zur Verarbeitung personenbezogener Daten oder zur Aus\u00fcbung der oben genannten Rechte kann sich die betroffene Person schriftlich per E-Mail an Dent\u00e1ln\u00ed centrum Frymburk s.r.o. wenden: <a href=\"mailto:frymburkdent@seznam.cz\">frymburkdent@seznam.cz<\/a><\/p>\r\n<p>&nbsp;<\/p>\r\n<h2>9. Schlussbestimmungen<\/h2>\r\n<p>9.1 Rechte und Pflichten, die nicht in diesen Grunds\u00e4tzen zur Verarbeitung personenbezogener Daten geregelt sind, unterliegen der Verordnung und den geltenden nationalen Rechtsvorschriften zum Schutz personenbezogener Daten.<\/p>\r\n<p>9.2 Diese Grunds\u00e4tze der Verarbeitung personenbezogener Daten sind auf der Website www.webovestranky.cz \u00f6ffentlich zug\u00e4nglich. Der Betroffene wird bei Vertragsabschluss oder Erbringung der Dienstleistung mit diesen Grunds\u00e4tzen der Verarbeitung personenbezogener Daten vertraut gemacht.<\/p>\r\n<p>9.3 Das Dentalzentrum Frymburk s.r.o. beh\u00e4lt sich das Recht vor, diese Grunds\u00e4tze der Verarbeitung personenbezogener Daten zu \u00e4ndern. Die aktualisierte Fassung wird stets auf der Website <a href=\"http:\/\/www.frymburkdent.cz\">www.frymburkdent.cz<\/a> unter Angabe des Datums des Inkrafttretens einer solchen \u00c4nderung ver\u00f6ffentlicht.<\/p>\r\n<p>9.4 Diese Grunds\u00e4tze der Verarbeitung personenbezogener Daten treten am 1.5. 2021 in Kraft und werden wirksam.<\/p>","protected":false},"excerpt":{"rendered":"<p>1. Einleitende Bestimmungen 1.1 Dent\u00e1ln\u00ed centrum Frymburk s.r.o. , I\u010cO: 17151911, mit Sitz in Frymburk 5, 382 79 Frymburk, eingetragen im Gewerberegister, C 32202\/KSCB, Regionalgericht in \u010cesk\u00fdch Bud\u011bjovic\u00edch (im Folgenden \u201eDent\u00e1ln\u00ed centrum Frymburk s.r.o.\u201c), respektiert als Verwalter personenbezogener Daten uneingeschr\u00e4nkt das Recht auf Privatsph\u00e4re seiner Kunden (im Folgenden auch \u201ebetroffene Person\u201c) und die damit verbundenen&#8230;<\/p>\n","protected":false},"author":1,"featured_media":0,"parent":0,"menu_order":0,"comment_status":"closed","ping_status":"open","template":"","meta":{"footnotes":""},"class_list":["post-340","page","type-page","status-publish","hentry"],"yoast_head":"<!-- This site is optimized with the Yoast SEO plugin v25.6 - https:\/\/yoast.com\/wordpress\/plugins\/seo\/ -->\n<title>Datenschutzerkl\u00e4rung | Zahnarztzentrum Frymburk<\/title>\n<meta name=\"robots\" content=\"noindex, follow\" \/>\n<meta property=\"og:locale\" content=\"de_DE\" \/>\n<meta property=\"og:type\" content=\"article\" \/>\n<meta property=\"og:title\" content=\"Datenschutzerkl\u00e4rung | Zahnarztzentrum Frymburk\" \/>\n<meta property=\"og:description\" content=\"1. Einleitende Bestimmungen 1.1 Dent\u00e1ln\u00ed centrum Frymburk s.r.o. , I\u010cO: 17151911, mit Sitz in Frymburk 5, 382 79 Frymburk, eingetragen im Gewerberegister, C 32202\/KSCB, Regionalgericht in \u010cesk\u00fdch Bud\u011bjovic\u00edch (im Folgenden \u201eDent\u00e1ln\u00ed centrum Frymburk s.r.o.\u201c), respektiert als Verwalter personenbezogener Daten uneingeschr\u00e4nkt das Recht auf Privatsph\u00e4re seiner Kunden (im Folgenden auch \u201ebetroffene Person\u201c) und die damit verbundenen...\" \/>\n<meta property=\"og:url\" content=\"https:\/\/www.frymburkdent.cz\/de\/datenschutzerklaerung\/\" \/>\n<meta property=\"og:site_name\" content=\"Zahnarztzentrum Frymburk\" \/>\n<meta property=\"article:modified_time\" content=\"2025-10-15T12:16:27+00:00\" \/>\n<meta property=\"og:image\" content=\"https:\/\/www.frymburkdent.cz\/wp-content\/uploads\/2025\/02\/OG-2.jpg\" \/>\n\t<meta property=\"og:image:width\" content=\"1200\" \/>\n\t<meta property=\"og:image:height\" content=\"630\" \/>\n\t<meta property=\"og:image:type\" content=\"image\/jpeg\" \/>\n<meta name=\"twitter:card\" content=\"summary_large_image\" \/>\n<meta name=\"twitter:label1\" content=\"Gesch\u00e4tzte Lesezeit\" \/>\n\t<meta name=\"twitter:data1\" content=\"11\u00a0Minuten\" \/>\n<!-- \/ Yoast SEO plugin. -->","yoast_head_json":{"title":"Datenschutzerkl\u00e4rung | Zahnarztzentrum Frymburk","robots":{"index":"noindex","follow":"follow"},"og_locale":"de_DE","og_type":"article","og_title":"Datenschutzerkl\u00e4rung | Zahnarztzentrum Frymburk","og_description":"1. Einleitende Bestimmungen 1.1 Dent\u00e1ln\u00ed centrum Frymburk s.r.o. , I\u010cO: 17151911, mit Sitz in Frymburk 5, 382 79 Frymburk, eingetragen im Gewerberegister, C 32202\/KSCB, Regionalgericht in \u010cesk\u00fdch Bud\u011bjovic\u00edch (im Folgenden \u201eDent\u00e1ln\u00ed centrum Frymburk s.r.o.\u201c), respektiert als Verwalter personenbezogener Daten uneingeschr\u00e4nkt das Recht auf Privatsph\u00e4re seiner Kunden (im Folgenden auch \u201ebetroffene Person\u201c) und die damit verbundenen...","og_url":"https:\/\/www.frymburkdent.cz\/de\/datenschutzerklaerung\/","og_site_name":"Zahnarztzentrum Frymburk","article_modified_time":"2025-10-15T12:16:27+00:00","og_image":[{"width":1200,"height":630,"url":"https:\/\/www.frymburkdent.cz\/wp-content\/uploads\/2025\/02\/OG-2.jpg","type":"image\/jpeg"}],"twitter_card":"summary_large_image","twitter_misc":{"Gesch\u00e4tzte Lesezeit":"11\u00a0Minuten"},"schema":{"@context":"https:\/\/schema.org","@graph":[{"@type":"WebPage","@id":"https:\/\/www.frymburkdent.cz\/de\/datenschutzerklaerung\/","url":"https:\/\/www.frymburkdent.cz\/de\/datenschutzerklaerung\/","name":"Datenschutzerkl\u00e4rung | Zahnarztzentrum Frymburk","isPartOf":{"@id":"https:\/\/www.frymburkdent.cz\/de\/#website"},"datePublished":"2025-01-23T09:02:26+00:00","dateModified":"2025-10-15T12:16:27+00:00","breadcrumb":{"@id":"https:\/\/www.frymburkdent.cz\/de\/datenschutzerklaerung\/#breadcrumb"},"inLanguage":"de","potentialAction":[{"@type":"ReadAction","target":["https:\/\/www.frymburkdent.cz\/de\/datenschutzerklaerung\/"]}]},{"@type":"BreadcrumbList","@id":"https:\/\/www.frymburkdent.cz\/de\/datenschutzerklaerung\/#breadcrumb","itemListElement":[{"@type":"ListItem","position":1,"name":"\u00davod","item":"https:\/\/www.frymburkdent.cz\/de\/"},{"@type":"ListItem","position":2,"name":"Datenschutzerkl\u00e4rung"}]},{"@type":"WebSite","@id":"https:\/\/www.frymburkdent.cz\/de\/#website","url":"https:\/\/www.frymburkdent.cz\/de\/","name":"Dent\u00e1ln\u00ed centrum Frymburk","description":"","publisher":{"@id":"https:\/\/www.frymburkdent.cz\/de\/#organization"},"potentialAction":[{"@type":"SearchAction","target":{"@type":"EntryPoint","urlTemplate":"https:\/\/www.frymburkdent.cz\/de\/?s={search_term_string}"},"query-input":{"@type":"PropertyValueSpecification","valueRequired":true,"valueName":"search_term_string"}}],"inLanguage":"de"},{"@type":"Organization","@id":"https:\/\/www.frymburkdent.cz\/de\/#organization","name":"Zahnarztzentrum Frymburk","url":"https:\/\/www.frymburkdent.cz\/de\/","logo":{"@type":"ImageObject","inLanguage":"de","@id":"https:\/\/www.frymburkdent.cz\/de\/#\/schema\/logo\/image\/","url":"https:\/\/www.frymburkdent.cz\/wp-content\/uploads\/2025\/02\/logo-1x_720.png","contentUrl":"https:\/\/www.frymburkdent.cz\/wp-content\/uploads\/2025\/02\/logo-1x_720.png","width":720,"height":600,"caption":"Zahnarztzentrum Frymburk"},"image":{"@id":"https:\/\/www.frymburkdent.cz\/de\/#\/schema\/logo\/image\/"}}]}},"_links":{"self":[{"href":"https:\/\/www.frymburkdent.cz\/de\/wp-json\/wp\/v2\/pages\/340","targetHints":{"allow":["GET"]}}],"collection":[{"href":"https:\/\/www.frymburkdent.cz\/de\/wp-json\/wp\/v2\/pages"}],"about":[{"href":"https:\/\/www.frymburkdent.cz\/de\/wp-json\/wp\/v2\/types\/page"}],"author":[{"embeddable":true,"href":"https:\/\/www.frymburkdent.cz\/de\/wp-json\/wp\/v2\/users\/1"}],"replies":[{"embeddable":true,"href":"https:\/\/www.frymburkdent.cz\/de\/wp-json\/wp\/v2\/comments?post=340"}],"version-history":[{"count":4,"href":"https:\/\/www.frymburkdent.cz\/de\/wp-json\/wp\/v2\/pages\/340\/revisions"}],"predecessor-version":[{"id":486,"href":"https:\/\/www.frymburkdent.cz\/de\/wp-json\/wp\/v2\/pages\/340\/revisions\/486"}],"wp:attachment":[{"href":"https:\/\/www.frymburkdent.cz\/de\/wp-json\/wp\/v2\/media?parent=340"}],"curies":[{"name":"wp","href":"https:\/\/api.w.org\/{rel}","templated":true}]}}