{"id":338,"date":"2025-02-10T19:24:46","date_gmt":"2025-02-10T18:24:46","guid":{"rendered":"https:\/\/www.frymburkdent.cz\/ukazky-prace\/"},"modified":"2025-10-15T14:16:12","modified_gmt":"2025-10-15T12:16:12","slug":"arbeitsproben","status":"publish","type":"page","link":"https:\/\/www.frymburkdent.cz\/de\/arbeitsproben\/","title":{"rendered":"Arbeitsproben"},"content":{"rendered":"<p style=\"text-align: center;\">\n<p style=\"text-align: center;\">Entdecken Sie unsere Erfolgsgeschichten und Ergebnisse zahn\u00e4rztlicher Behandlungen. Jedes L\u00e4cheln ist f\u00fcr uns eine Herausforderung, perfekte Pflege und Zufriedenheit zu erreichen.<\/p>\n<div id='gallery-1' class='gallery galleryid-338 gallery-columns-3 gallery-size-medium'><dl class='gallery-item'>\n\t\t\t<dt class='gallery-icon landscape'>\n\t\t\t\t<a href='https:\/\/www.frymburkdent.cz\/wp-content\/uploads\/2025\/02\/DSC_0285-scaled.jpg'><img fetchpriority=\"high\" decoding=\"async\" width=\"300\" height=\"200\" src=\"data:image\/gif;base64,R0lGODlhAQABAIAAAAAAAP\/\/\/yH5BAEAAAAALAAAAAABAAEAAAIBRAA7\" data-src=\"https:\/\/www.frymburkdent.cz\/wp-content\/uploads\/2025\/02\/DSC_0285-300x200.jpg\" class=\"attachment-medium size-medium\" alt=\"\" srcset=\"data:image\/gif;base64,R0lGODlhAQABAIAAAAAAAP\/\/\/yH5BAEAAAAALAAAAAABAAEAAAIBRAA7\" data-srcset=\"https:\/\/www.frymburkdent.cz\/wp-content\/uploads\/2025\/02\/DSC_0285-300x200.jpg 300w, https:\/\/www.frymburkdent.cz\/wp-content\/uploads\/2025\/02\/DSC_0285-1024x684.jpg 1024w, https:\/\/www.frymburkdent.cz\/wp-content\/uploads\/2025\/02\/DSC_0285-768x513.jpg 768w, https:\/\/www.frymburkdent.cz\/wp-content\/uploads\/2025\/02\/DSC_0285-1536x1025.jpg 1536w, https:\/\/www.frymburkdent.cz\/wp-content\/uploads\/2025\/02\/DSC_0285-2048x1367.jpg 2048w, https:\/\/www.frymburkdent.cz\/wp-content\/uploads\/2025\/02\/DSC_0285-320x214.jpg 320w, https:\/\/www.frymburkdent.cz\/wp-content\/uploads\/2025\/02\/DSC_0285-190x127.jpg 190w\" sizes=\"(max-width: 300px) 100vw, 300px\" loading=\"eager\" \/><\/a>\n\t\t\t<\/dt><\/dl><dl class='gallery-item'>\n\t\t\t<dt class='gallery-icon landscape'>\n\t\t\t\t<a href='https:\/\/www.frymburkdent.cz\/wp-content\/uploads\/2025\/02\/DSC_0270-scaled.jpg'><img decoding=\"async\" width=\"300\" height=\"200\" src=\"data:image\/gif;base64,R0lGODlhAQABAIAAAAAAAP\/\/\/yH5BAEAAAAALAAAAAABAAEAAAIBRAA7\" data-src=\"https:\/\/www.frymburkdent.cz\/wp-content\/uploads\/2025\/02\/DSC_0270-300x200.jpg\" class=\"attachment-medium size-medium\" alt=\"\" srcset=\"data:image\/gif;base64,R0lGODlhAQABAIAAAAAAAP\/\/\/yH5BAEAAAAALAAAAAABAAEAAAIBRAA7\" data-srcset=\"https:\/\/www.frymburkdent.cz\/wp-content\/uploads\/2025\/02\/DSC_0270-300x200.jpg 300w, https:\/\/www.frymburkdent.cz\/wp-content\/uploads\/2025\/02\/DSC_0270-1024x684.jpg 1024w, https:\/\/www.frymburkdent.cz\/wp-content\/uploads\/2025\/02\/DSC_0270-768x513.jpg 768w, https:\/\/www.frymburkdent.cz\/wp-content\/uploads\/2025\/02\/DSC_0270-1536x1025.jpg 1536w, https:\/\/www.frymburkdent.cz\/wp-content\/uploads\/2025\/02\/DSC_0270-2048x1367.jpg 2048w, https:\/\/www.frymburkdent.cz\/wp-content\/uploads\/2025\/02\/DSC_0270-320x214.jpg 320w, https:\/\/www.frymburkdent.cz\/wp-content\/uploads\/2025\/02\/DSC_0270-190x127.jpg 190w\" sizes=\"(max-width: 300px) 100vw, 300px\" loading=\"eager\" \/><\/a>\n\t\t\t<\/dt><\/dl><dl class='gallery-item'>\n\t\t\t<dt class='gallery-icon landscape'>\n\t\t\t\t<a href='https:\/\/www.frymburkdent.cz\/wp-content\/uploads\/2025\/02\/DSC_0264-scaled.jpg'><img decoding=\"async\" width=\"300\" height=\"200\" src=\"data:image\/gif;base64,R0lGODlhAQABAIAAAAAAAP\/\/\/yH5BAEAAAAALAAAAAABAAEAAAIBRAA7\" data-src=\"https:\/\/www.frymburkdent.cz\/wp-content\/uploads\/2025\/02\/DSC_0264-300x200.jpg\" class=\"attachment-medium size-medium\" alt=\"\" srcset=\"data:image\/gif;base64,R0lGODlhAQABAIAAAAAAAP\/\/\/yH5BAEAAAAALAAAAAABAAEAAAIBRAA7\" data-srcset=\"https:\/\/www.frymburkdent.cz\/wp-content\/uploads\/2025\/02\/DSC_0264-300x200.jpg 300w, https:\/\/www.frymburkdent.cz\/wp-content\/uploads\/2025\/02\/DSC_0264-1024x684.jpg 1024w, https:\/\/www.frymburkdent.cz\/wp-content\/uploads\/2025\/02\/DSC_0264-768x513.jpg 768w, https:\/\/www.frymburkdent.cz\/wp-content\/uploads\/2025\/02\/DSC_0264-1536x1025.jpg 1536w, https:\/\/www.frymburkdent.cz\/wp-content\/uploads\/2025\/02\/DSC_0264-2048x1367.jpg 2048w, https:\/\/www.frymburkdent.cz\/wp-content\/uploads\/2025\/02\/DSC_0264-320x214.jpg 320w, https:\/\/www.frymburkdent.cz\/wp-content\/uploads\/2025\/02\/DSC_0264-190x127.jpg 190w\" sizes=\"(max-width: 300px) 100vw, 300px\" loading=\"eager\" \/><\/a>\n\t\t\t<\/dt><\/dl><br style=\"clear: both\" \/><dl class='gallery-item'>\n\t\t\t<dt class='gallery-icon landscape'>\n\t\t\t\t<a href='https:\/\/www.frymburkdent.cz\/wp-content\/uploads\/2025\/02\/DSC_0168-scaled.jpg'><img decoding=\"async\" width=\"300\" height=\"200\" src=\"data:image\/gif;base64,R0lGODlhAQABAIAAAAAAAP\/\/\/yH5BAEAAAAALAAAAAABAAEAAAIBRAA7\" data-src=\"https:\/\/www.frymburkdent.cz\/wp-content\/uploads\/2025\/02\/DSC_0168-300x200.jpg\" class=\"attachment-medium size-medium\" alt=\"\" srcset=\"data:image\/gif;base64,R0lGODlhAQABAIAAAAAAAP\/\/\/yH5BAEAAAAALAAAAAABAAEAAAIBRAA7\" data-srcset=\"https:\/\/www.frymburkdent.cz\/wp-content\/uploads\/2025\/02\/DSC_0168-300x200.jpg 300w, https:\/\/www.frymburkdent.cz\/wp-content\/uploads\/2025\/02\/DSC_0168-1024x684.jpg 1024w, https:\/\/www.frymburkdent.cz\/wp-content\/uploads\/2025\/02\/DSC_0168-768x513.jpg 768w, https:\/\/www.frymburkdent.cz\/wp-content\/uploads\/2025\/02\/DSC_0168-1536x1025.jpg 1536w, https:\/\/www.frymburkdent.cz\/wp-content\/uploads\/2025\/02\/DSC_0168-2048x1367.jpg 2048w, https:\/\/www.frymburkdent.cz\/wp-content\/uploads\/2025\/02\/DSC_0168-320x214.jpg 320w, https:\/\/www.frymburkdent.cz\/wp-content\/uploads\/2025\/02\/DSC_0168-190x127.jpg 190w\" sizes=\"(max-width: 300px) 100vw, 300px\" loading=\"eager\" \/><\/a>\n\t\t\t<\/dt><\/dl><dl class='gallery-item'>\n\t\t\t<dt class='gallery-icon landscape'>\n\t\t\t\t<a href='https:\/\/www.frymburkdent.cz\/wp-content\/uploads\/2025\/02\/DSC_0167-scaled.jpg'><img decoding=\"async\" width=\"300\" height=\"200\" src=\"data:image\/gif;base64,R0lGODlhAQABAIAAAAAAAP\/\/\/yH5BAEAAAAALAAAAAABAAEAAAIBRAA7\" data-src=\"https:\/\/www.frymburkdent.cz\/wp-content\/uploads\/2025\/02\/DSC_0167-300x200.jpg\" class=\"attachment-medium size-medium\" alt=\"\" srcset=\"data:image\/gif;base64,R0lGODlhAQABAIAAAAAAAP\/\/\/yH5BAEAAAAALAAAAAABAAEAAAIBRAA7\" data-srcset=\"https:\/\/www.frymburkdent.cz\/wp-content\/uploads\/2025\/02\/DSC_0167-300x200.jpg 300w, https:\/\/www.frymburkdent.cz\/wp-content\/uploads\/2025\/02\/DSC_0167-1024x684.jpg 1024w, https:\/\/www.frymburkdent.cz\/wp-content\/uploads\/2025\/02\/DSC_0167-768x513.jpg 768w, https:\/\/www.frymburkdent.cz\/wp-content\/uploads\/2025\/02\/DSC_0167-1536x1025.jpg 1536w, https:\/\/www.frymburkdent.cz\/wp-content\/uploads\/2025\/02\/DSC_0167-2048x1367.jpg 2048w, https:\/\/www.frymburkdent.cz\/wp-content\/uploads\/2025\/02\/DSC_0167-320x214.jpg 320w, https:\/\/www.frymburkdent.cz\/wp-content\/uploads\/2025\/02\/DSC_0167-190x127.jpg 190w\" sizes=\"(max-width: 300px) 100vw, 300px\" loading=\"eager\" \/><\/a>\n\t\t\t<\/dt><\/dl><dl class='gallery-item'>\n\t\t\t<dt class='gallery-icon landscape'>\n\t\t\t\t<a href='https:\/\/www.frymburkdent.cz\/wp-content\/uploads\/2025\/02\/DSC_0128-scaled.jpg'><img decoding=\"async\" width=\"300\" height=\"200\" src=\"data:image\/gif;base64,R0lGODlhAQABAIAAAAAAAP\/\/\/yH5BAEAAAAALAAAAAABAAEAAAIBRAA7\" data-src=\"https:\/\/www.frymburkdent.cz\/wp-content\/uploads\/2025\/02\/DSC_0128-300x200.jpg\" class=\"attachment-medium size-medium\" alt=\"\" srcset=\"data:image\/gif;base64,R0lGODlhAQABAIAAAAAAAP\/\/\/yH5BAEAAAAALAAAAAABAAEAAAIBRAA7\" data-srcset=\"https:\/\/www.frymburkdent.cz\/wp-content\/uploads\/2025\/02\/DSC_0128-300x200.jpg 300w, https:\/\/www.frymburkdent.cz\/wp-content\/uploads\/2025\/02\/DSC_0128-1024x683.jpg 1024w, https:\/\/www.frymburkdent.cz\/wp-content\/uploads\/2025\/02\/DSC_0128-768x513.jpg 768w, https:\/\/www.frymburkdent.cz\/wp-content\/uploads\/2025\/02\/DSC_0128-1536x1025.jpg 1536w, https:\/\/www.frymburkdent.cz\/wp-content\/uploads\/2025\/02\/DSC_0128-2048x1367.jpg 2048w, https:\/\/www.frymburkdent.cz\/wp-content\/uploads\/2025\/02\/DSC_0128-320x214.jpg 320w, https:\/\/www.frymburkdent.cz\/wp-content\/uploads\/2025\/02\/DSC_0128-190x127.jpg 190w\" sizes=\"(max-width: 300px) 100vw, 300px\" loading=\"eager\" \/><\/a>\n\t\t\t<\/dt><\/dl><br style=\"clear: both\" \/>\n\t\t<\/div>\n\n<p>&nbsp;<\/p>\n","protected":false},"excerpt":{"rendered":"<p>Entdecken Sie unsere Erfolgsgeschichten und Ergebnisse zahn\u00e4rztlicher Behandlungen. Jedes L\u00e4cheln ist f\u00fcr uns eine Herausforderung, perfekte Pflege und Zufriedenheit zu erreichen. &nbsp;<\/p>\n","protected":false},"author":1,"featured_media":0,"parent":0,"menu_order":0,"comment_status":"closed","ping_status":"closed","template":"pages\/page-blocks.php","meta":{"footnotes":""},"class_list":["post-338","page","type-page","status-publish","hentry"],"yoast_head":"<!-- This site is optimized with the Yoast SEO plugin v25.6 - https:\/\/yoast.com\/wordpress\/plugins\/seo\/ -->\n<title>Arbeitsproben | Zahnarztzentrum Frymburk<\/title>\n<meta name=\"description\" content=\"Pod\u00edvejte se na uk\u00e1zky na\u0161\u00ed pr\u00e1ce v Dent\u00e1ln\u00edm centru Frymburk. Kvalitn\u00ed stomatologick\u00e9 o\u0161et\u0159en\u00ed a v\u00fdsledky, na kter\u00e9 se m\u016f\u017eete spolehnout.\" \/>\n<meta name=\"robots\" content=\"index, follow, max-snippet:-1, max-image-preview:large, max-video-preview:-1\" \/>\n<link rel=\"canonical\" href=\"https:\/\/www.frymburkdent.cz\/de\/arbeitsproben\/\" \/>\n<meta property=\"og:locale\" content=\"de_DE\" \/>\n<meta property=\"og:type\" content=\"article\" \/>\n<meta property=\"og:title\" content=\"Arbeitsproben | Zahnarztzentrum Frymburk\" \/>\n<meta property=\"og:description\" content=\"Pod\u00edvejte se na uk\u00e1zky na\u0161\u00ed pr\u00e1ce v Dent\u00e1ln\u00edm centru Frymburk. Kvalitn\u00ed stomatologick\u00e9 o\u0161et\u0159en\u00ed a v\u00fdsledky, na kter\u00e9 se m\u016f\u017eete spolehnout.\" \/>\n<meta property=\"og:url\" content=\"https:\/\/www.frymburkdent.cz\/de\/arbeitsproben\/\" \/>\n<meta property=\"og:site_name\" content=\"Zahnarztzentrum Frymburk\" \/>\n<meta property=\"article:modified_time\" content=\"2025-10-15T12:16:12+00:00\" \/>\n<meta property=\"og:image\" content=\"https:\/\/www.frymburkdent.cz\/wp-content\/uploads\/2025\/02\/DSC_0285-300x200.jpg\" \/>\n<meta name=\"twitter:card\" content=\"summary_large_image\" \/>\n<meta name=\"twitter:label1\" content=\"Gesch\u00e4tzte Lesezeit\" \/>\n\t<meta name=\"twitter:data1\" content=\"1\u00a0Minute\" \/>\n<!-- \/ Yoast SEO plugin. -->","yoast_head_json":{"title":"Arbeitsproben | Zahnarztzentrum Frymburk","description":"Pod\u00edvejte se na uk\u00e1zky na\u0161\u00ed pr\u00e1ce v Dent\u00e1ln\u00edm centru Frymburk. Kvalitn\u00ed stomatologick\u00e9 o\u0161et\u0159en\u00ed a v\u00fdsledky, na kter\u00e9 se m\u016f\u017eete spolehnout.","robots":{"index":"index","follow":"follow","max-snippet":"max-snippet:-1","max-image-preview":"max-image-preview:large","max-video-preview":"max-video-preview:-1"},"canonical":"https:\/\/www.frymburkdent.cz\/de\/arbeitsproben\/","og_locale":"de_DE","og_type":"article","og_title":"Arbeitsproben | Zahnarztzentrum Frymburk","og_description":"Pod\u00edvejte se na uk\u00e1zky na\u0161\u00ed pr\u00e1ce v Dent\u00e1ln\u00edm centru Frymburk. Kvalitn\u00ed stomatologick\u00e9 o\u0161et\u0159en\u00ed a v\u00fdsledky, na kter\u00e9 se m\u016f\u017eete spolehnout.","og_url":"https:\/\/www.frymburkdent.cz\/de\/arbeitsproben\/","og_site_name":"Zahnarztzentrum Frymburk","article_modified_time":"2025-10-15T12:16:12+00:00","og_image":[{"url":"https:\/\/www.frymburkdent.cz\/wp-content\/uploads\/2025\/02\/DSC_0285-300x200.jpg","type":"","width":"","height":""}],"twitter_card":"summary_large_image","twitter_misc":{"Gesch\u00e4tzte Lesezeit":"1\u00a0Minute"},"schema":{"@context":"https:\/\/schema.org","@graph":[{"@type":"WebPage","@id":"https:\/\/www.frymburkdent.cz\/de\/arbeitsproben\/","url":"https:\/\/www.frymburkdent.cz\/de\/arbeitsproben\/","name":"Arbeitsproben | Zahnarztzentrum Frymburk","isPartOf":{"@id":"https:\/\/www.frymburkdent.cz\/de\/#website"},"datePublished":"2025-02-10T18:24:46+00:00","dateModified":"2025-10-15T12:16:12+00:00","description":"Pod\u00edvejte se na uk\u00e1zky na\u0161\u00ed pr\u00e1ce v Dent\u00e1ln\u00edm centru Frymburk. Kvalitn\u00ed stomatologick\u00e9 o\u0161et\u0159en\u00ed a v\u00fdsledky, na kter\u00e9 se m\u016f\u017eete spolehnout.","breadcrumb":{"@id":"https:\/\/www.frymburkdent.cz\/de\/arbeitsproben\/#breadcrumb"},"inLanguage":"de","potentialAction":[{"@type":"ReadAction","target":["https:\/\/www.frymburkdent.cz\/de\/arbeitsproben\/"]}]},{"@type":"BreadcrumbList","@id":"https:\/\/www.frymburkdent.cz\/de\/arbeitsproben\/#breadcrumb","itemListElement":[{"@type":"ListItem","position":1,"name":"\u00davod","item":"https:\/\/www.frymburkdent.cz\/de\/"},{"@type":"ListItem","position":2,"name":"Arbeitsproben"}]},{"@type":"WebSite","@id":"https:\/\/www.frymburkdent.cz\/de\/#website","url":"https:\/\/www.frymburkdent.cz\/de\/","name":"Dent\u00e1ln\u00ed centrum Frymburk","description":"","publisher":{"@id":"https:\/\/www.frymburkdent.cz\/de\/#organization"},"potentialAction":[{"@type":"SearchAction","target":{"@type":"EntryPoint","urlTemplate":"https:\/\/www.frymburkdent.cz\/de\/?s={search_term_string}"},"query-input":{"@type":"PropertyValueSpecification","valueRequired":true,"valueName":"search_term_string"}}],"inLanguage":"de"},{"@type":"Organization","@id":"https:\/\/www.frymburkdent.cz\/de\/#organization","name":"Zahnarztzentrum Frymburk","url":"https:\/\/www.frymburkdent.cz\/de\/","logo":{"@type":"ImageObject","inLanguage":"de","@id":"https:\/\/www.frymburkdent.cz\/de\/#\/schema\/logo\/image\/","url":"https:\/\/www.frymburkdent.cz\/wp-content\/uploads\/2025\/02\/logo-1x_720.png","contentUrl":"https:\/\/www.frymburkdent.cz\/wp-content\/uploads\/2025\/02\/logo-1x_720.png","width":720,"height":600,"caption":"Zahnarztzentrum Frymburk"},"image":{"@id":"https:\/\/www.frymburkdent.cz\/de\/#\/schema\/logo\/image\/"}}]}},"_links":{"self":[{"href":"https:\/\/www.frymburkdent.cz\/de\/wp-json\/wp\/v2\/pages\/338","targetHints":{"allow":["GET"]}}],"collection":[{"href":"https:\/\/www.frymburkdent.cz\/de\/wp-json\/wp\/v2\/pages"}],"about":[{"href":"https:\/\/www.frymburkdent.cz\/de\/wp-json\/wp\/v2\/types\/page"}],"author":[{"embeddable":true,"href":"https:\/\/www.frymburkdent.cz\/de\/wp-json\/wp\/v2\/users\/1"}],"replies":[{"embeddable":true,"href":"https:\/\/www.frymburkdent.cz\/de\/wp-json\/wp\/v2\/comments?post=338"}],"version-history":[{"count":3,"href":"https:\/\/www.frymburkdent.cz\/de\/wp-json\/wp\/v2\/pages\/338\/revisions"}],"predecessor-version":[{"id":485,"href":"https:\/\/www.frymburkdent.cz\/de\/wp-json\/wp\/v2\/pages\/338\/revisions\/485"}],"wp:attachment":[{"href":"https:\/\/www.frymburkdent.cz\/de\/wp-json\/wp\/v2\/media?parent=338"}],"curies":[{"name":"wp","href":"https:\/\/api.w.org\/{rel}","templated":true}]}}