{"id":334,"date":"2025-02-10T21:12:26","date_gmt":"2025-02-10T20:12:26","guid":{"rendered":"https:\/\/www.frymburkdent.cz\/sluzby\/zachovna-stomatologie\/"},"modified":"2025-10-15T14:15:38","modified_gmt":"2025-10-15T12:15:38","slug":"konservierende-zahnmedizin","status":"publish","type":"page","link":"https:\/\/www.frymburkdent.cz\/de\/dienstleistungen\/konservierende-zahnmedizin\/","title":{"rendered":"Konservierende Zahnmedizin"},"content":{"rendered":"<h3>Warum ist die konservierende Zahnmedizin wichtig?<\/h3>\n<p>Regelm\u00e4\u00dfige Pflege und rechtzeitige Behandlung helfen, Komplikationen zu vermeiden, die zu einer Zahnextraktion f\u00fchren k\u00f6nnten. Moderne Methoden erm\u00f6glichen eine schonende und effektive Behandlung mit langfristigen Ergebnissen.<\/p>\n<h3>Welche Leistungen umfasst es?<\/h3>\n<ul>\n<li><strong>Behandlung von Karies<\/strong> \u2013 Verwendung \u00e4sthetischer F\u00fcllungen f\u00fcr ein nat\u00fcrliches Aussehen und volle Funktionalit\u00e4t.<\/li>\n<li><strong>Endodontische Behandlung (Wurzelkanalbehandlung)<\/strong> \u2013 Rettung des Zahns bei tiefer Karies oder Entz\u00fcndung.<\/li>\n<li><strong>Reparatur von Rissen und kleinen Sch\u00e4den<\/strong> \u2013 Wiederherstellung der Zahnstruktur ohne prothetischen Ersatz.<\/li>\n<li><strong>Remineralisierung des Zahnschmelzes<\/strong> \u2013 St\u00e4rkung und Schutz der Z\u00e4hne vor neuen Kariesbildungen.<\/li>\n<\/ul>\n<h3>Behandlungsablauf<\/h3>\n<p>Bei jeder Behandlung steht der Komfort des Patienten im Vordergrund. Wir verwenden moderne Technologien und schonende An\u00e4sthesieverfahren, dank denen der Eingriff schmerzfrei und \u00e4u\u00dferst pr\u00e4zise ist.<\/p>\n<h3>Pr\u00e4vention ist der Schl\u00fcssel zu gesunden Z\u00e4hnen<\/h3>\n<p><img decoding=\"async\" class=\"wp-image-254 size-medium alignleft\" src=\"data:image\/gif;base64,R0lGODlhAQABAIAAAAAAAP\/\/\/yH5BAEAAAAALAAAAAABAAEAAAIBRAA7\" data-src=\"https:\/\/www.frymburkdent.cz\/wp-content\/uploads\/2025\/02\/close-up-dental-instrument-with-surgical-gloves-300x200.jpg\" alt=\"\" width=\"300\" height=\"200\" srcset=\"data:image\/gif;base64,R0lGODlhAQABAIAAAAAAAP\/\/\/yH5BAEAAAAALAAAAAABAAEAAAIBRAA7\" data-srcset=\"https:\/\/www.frymburkdent.cz\/wp-content\/uploads\/2025\/02\/close-up-dental-instrument-with-surgical-gloves-300x200.jpg 300w, https:\/\/www.frymburkdent.cz\/wp-content\/uploads\/2025\/02\/close-up-dental-instrument-with-surgical-gloves-1024x683.jpg 1024w, https:\/\/www.frymburkdent.cz\/wp-content\/uploads\/2025\/02\/close-up-dental-instrument-with-surgical-gloves-768x512.jpg 768w, https:\/\/www.frymburkdent.cz\/wp-content\/uploads\/2025\/02\/close-up-dental-instrument-with-surgical-gloves-1536x1024.jpg 1536w, https:\/\/www.frymburkdent.cz\/wp-content\/uploads\/2025\/02\/close-up-dental-instrument-with-surgical-gloves-2048x1365.jpg 2048w, https:\/\/www.frymburkdent.cz\/wp-content\/uploads\/2025\/02\/close-up-dental-instrument-with-surgical-gloves-320x213.jpg 320w, https:\/\/www.frymburkdent.cz\/wp-content\/uploads\/2025\/02\/close-up-dental-instrument-with-surgical-gloves-190x127.jpg 190w\" sizes=\"(max-width: 300px) 100vw, 300px\" \/>Die konservierende Zahnmedizin befasst sich nicht nur mit der Reparatur besch\u00e4digter Z\u00e4hne, sondern vor allem mit der Pr\u00e4vention. Regelm\u00e4\u00dfige Kontrollen und die richtige Pflege tragen dazu bei, dass Ihre Z\u00e4hne ein Leben lang gesund bleiben.<\/p>\n<p>Dank moderner Materialien und pr\u00e4ziser Verfahren k\u00f6nnen wir Ihre Z\u00e4hne effektiv sch\u00fctzen und wiederherstellen, damit sie Ihnen so lange wie m\u00f6glich dienen.<\/p>\n","protected":false},"excerpt":{"rendered":"<p>Warum ist die konservierende Zahnmedizin wichtig? Regelm\u00e4\u00dfige Pflege und rechtzeitige Behandlung helfen, Komplikationen zu vermeiden, die zu einer Zahnextraktion f\u00fchren k\u00f6nnten. Moderne Methoden erm\u00f6glichen eine schonende und effektive Behandlung mit langfristigen Ergebnissen. Welche Leistungen umfasst es? Behandlung von Karies \u2013 Verwendung \u00e4sthetischer F\u00fcllungen f\u00fcr ein nat\u00fcrliches Aussehen und volle Funktionalit\u00e4t. Endodontische Behandlung (Wurzelkanalbehandlung) \u2013 Rettung&#8230;<\/p>\n","protected":false},"author":1,"featured_media":0,"parent":323,"menu_order":0,"comment_status":"closed","ping_status":"closed","template":"pages\/page-blocks.php","meta":{"footnotes":""},"class_list":["post-334","page","type-page","status-publish","hentry"],"yoast_head":"<!-- This site is optimized with the Yoast SEO plugin v25.6 - https:\/\/yoast.com\/wordpress\/plugins\/seo\/ -->\n<title>Konservierende Zahnmedizin | Zahnarztzentrum Frymburk<\/title>\n<meta name=\"description\" content=\"Zachovn\u00e1 stomatologie v Dent\u00e1ln\u00edm centru Frymburk pro dlouhodob\u00e9 zdrav\u00ed va\u0161ich zub\u016f. Profesion\u00e1ln\u00ed p\u00e9\u010de pro prevenci a opravu zubn\u00edch probl\u00e9m\u016f.\" \/>\n<meta name=\"robots\" content=\"index, follow, max-snippet:-1, max-image-preview:large, max-video-preview:-1\" \/>\n<link rel=\"canonical\" href=\"https:\/\/www.frymburkdent.cz\/de\/dienstleistungen\/konservierende-zahnmedizin\/\" \/>\n<meta property=\"og:locale\" content=\"de_DE\" \/>\n<meta property=\"og:type\" content=\"article\" \/>\n<meta property=\"og:title\" content=\"Konservierende Zahnmedizin | Zahnarztzentrum Frymburk\" \/>\n<meta property=\"og:description\" content=\"Zachovn\u00e1 stomatologie v Dent\u00e1ln\u00edm centru Frymburk pro dlouhodob\u00e9 zdrav\u00ed va\u0161ich zub\u016f. Profesion\u00e1ln\u00ed p\u00e9\u010de pro prevenci a opravu zubn\u00edch probl\u00e9m\u016f.\" \/>\n<meta property=\"og:url\" content=\"https:\/\/www.frymburkdent.cz\/de\/dienstleistungen\/konservierende-zahnmedizin\/\" \/>\n<meta property=\"og:site_name\" content=\"Zahnarztzentrum Frymburk\" \/>\n<meta property=\"article:modified_time\" content=\"2025-10-15T12:15:38+00:00\" \/>\n<meta property=\"og:image\" content=\"https:\/\/www.frymburkdent.cz\/wp-content\/uploads\/2025\/02\/close-up-dental-instrument-with-surgical-gloves-scaled.jpg\" \/>\n\t<meta property=\"og:image:width\" content=\"2560\" \/>\n\t<meta property=\"og:image:height\" content=\"1707\" \/>\n\t<meta property=\"og:image:type\" content=\"image\/jpeg\" \/>\n<meta name=\"twitter:card\" content=\"summary_large_image\" \/>\n<meta name=\"twitter:label1\" content=\"Gesch\u00e4tzte Lesezeit\" \/>\n\t<meta name=\"twitter:data1\" content=\"2\u00a0Minuten\" \/>\n<!-- \/ Yoast SEO plugin. -->","yoast_head_json":{"title":"Konservierende Zahnmedizin | Zahnarztzentrum Frymburk","description":"Zachovn\u00e1 stomatologie v Dent\u00e1ln\u00edm centru Frymburk pro dlouhodob\u00e9 zdrav\u00ed va\u0161ich zub\u016f. Profesion\u00e1ln\u00ed p\u00e9\u010de pro prevenci a opravu zubn\u00edch probl\u00e9m\u016f.","robots":{"index":"index","follow":"follow","max-snippet":"max-snippet:-1","max-image-preview":"max-image-preview:large","max-video-preview":"max-video-preview:-1"},"canonical":"https:\/\/www.frymburkdent.cz\/de\/dienstleistungen\/konservierende-zahnmedizin\/","og_locale":"de_DE","og_type":"article","og_title":"Konservierende Zahnmedizin | Zahnarztzentrum Frymburk","og_description":"Zachovn\u00e1 stomatologie v Dent\u00e1ln\u00edm centru Frymburk pro dlouhodob\u00e9 zdrav\u00ed va\u0161ich zub\u016f. Profesion\u00e1ln\u00ed p\u00e9\u010de pro prevenci a opravu zubn\u00edch probl\u00e9m\u016f.","og_url":"https:\/\/www.frymburkdent.cz\/de\/dienstleistungen\/konservierende-zahnmedizin\/","og_site_name":"Zahnarztzentrum Frymburk","article_modified_time":"2025-10-15T12:15:38+00:00","og_image":[{"width":2560,"height":1707,"url":"https:\/\/www.frymburkdent.cz\/wp-content\/uploads\/2025\/02\/close-up-dental-instrument-with-surgical-gloves-scaled.jpg","type":"image\/jpeg"}],"twitter_card":"summary_large_image","twitter_misc":{"Gesch\u00e4tzte Lesezeit":"2\u00a0Minuten"},"schema":{"@context":"https:\/\/schema.org","@graph":[{"@type":"WebPage","@id":"https:\/\/www.frymburkdent.cz\/de\/dienstleistungen\/konservierende-zahnmedizin\/","url":"https:\/\/www.frymburkdent.cz\/de\/dienstleistungen\/konservierende-zahnmedizin\/","name":"Konservierende Zahnmedizin | Zahnarztzentrum Frymburk","isPartOf":{"@id":"https:\/\/www.frymburkdent.cz\/de\/#website"},"primaryImageOfPage":{"@id":"https:\/\/www.frymburkdent.cz\/de\/dienstleistungen\/konservierende-zahnmedizin\/#primaryimage"},"image":{"@id":"https:\/\/www.frymburkdent.cz\/de\/dienstleistungen\/konservierende-zahnmedizin\/#primaryimage"},"thumbnailUrl":"https:\/\/www.frymburkdent.cz\/wp-content\/uploads\/2025\/02\/close-up-dental-instrument-with-surgical-gloves-300x200.jpg","datePublished":"2025-02-10T20:12:26+00:00","dateModified":"2025-10-15T12:15:38+00:00","description":"Zachovn\u00e1 stomatologie v Dent\u00e1ln\u00edm centru Frymburk pro dlouhodob\u00e9 zdrav\u00ed va\u0161ich zub\u016f. Profesion\u00e1ln\u00ed p\u00e9\u010de pro prevenci a opravu zubn\u00edch probl\u00e9m\u016f.","breadcrumb":{"@id":"https:\/\/www.frymburkdent.cz\/de\/dienstleistungen\/konservierende-zahnmedizin\/#breadcrumb"},"inLanguage":"de","potentialAction":[{"@type":"ReadAction","target":["https:\/\/www.frymburkdent.cz\/de\/dienstleistungen\/konservierende-zahnmedizin\/"]}]},{"@type":"ImageObject","inLanguage":"de","@id":"https:\/\/www.frymburkdent.cz\/de\/dienstleistungen\/konservierende-zahnmedizin\/#primaryimage","url":"https:\/\/www.frymburkdent.cz\/wp-content\/uploads\/2025\/02\/close-up-dental-instrument-with-surgical-gloves-300x200.jpg","contentUrl":"https:\/\/www.frymburkdent.cz\/wp-content\/uploads\/2025\/02\/close-up-dental-instrument-with-surgical-gloves-300x200.jpg"},{"@type":"BreadcrumbList","@id":"https:\/\/www.frymburkdent.cz\/de\/dienstleistungen\/konservierende-zahnmedizin\/#breadcrumb","itemListElement":[{"@type":"ListItem","position":1,"name":"\u00davod","item":"https:\/\/www.frymburkdent.cz\/de\/"},{"@type":"ListItem","position":2,"name":"Dienstleistungen","item":"https:\/\/www.frymburkdent.cz\/de\/dienstleistungen\/"},{"@type":"ListItem","position":3,"name":"Konservierende Zahnmedizin"}]},{"@type":"WebSite","@id":"https:\/\/www.frymburkdent.cz\/de\/#website","url":"https:\/\/www.frymburkdent.cz\/de\/","name":"Dent\u00e1ln\u00ed centrum Frymburk","description":"","publisher":{"@id":"https:\/\/www.frymburkdent.cz\/de\/#organization"},"potentialAction":[{"@type":"SearchAction","target":{"@type":"EntryPoint","urlTemplate":"https:\/\/www.frymburkdent.cz\/de\/?s={search_term_string}"},"query-input":{"@type":"PropertyValueSpecification","valueRequired":true,"valueName":"search_term_string"}}],"inLanguage":"de"},{"@type":"Organization","@id":"https:\/\/www.frymburkdent.cz\/de\/#organization","name":"Zahnarztzentrum Frymburk","url":"https:\/\/www.frymburkdent.cz\/de\/","logo":{"@type":"ImageObject","inLanguage":"de","@id":"https:\/\/www.frymburkdent.cz\/de\/#\/schema\/logo\/image\/","url":"https:\/\/www.frymburkdent.cz\/wp-content\/uploads\/2025\/02\/logo-1x_720.png","contentUrl":"https:\/\/www.frymburkdent.cz\/wp-content\/uploads\/2025\/02\/logo-1x_720.png","width":720,"height":600,"caption":"Zahnarztzentrum Frymburk"},"image":{"@id":"https:\/\/www.frymburkdent.cz\/de\/#\/schema\/logo\/image\/"}}]}},"_links":{"self":[{"href":"https:\/\/www.frymburkdent.cz\/de\/wp-json\/wp\/v2\/pages\/334","targetHints":{"allow":["GET"]}}],"collection":[{"href":"https:\/\/www.frymburkdent.cz\/de\/wp-json\/wp\/v2\/pages"}],"about":[{"href":"https:\/\/www.frymburkdent.cz\/de\/wp-json\/wp\/v2\/types\/page"}],"author":[{"embeddable":true,"href":"https:\/\/www.frymburkdent.cz\/de\/wp-json\/wp\/v2\/users\/1"}],"replies":[{"embeddable":true,"href":"https:\/\/www.frymburkdent.cz\/de\/wp-json\/wp\/v2\/comments?post=334"}],"version-history":[{"count":4,"href":"https:\/\/www.frymburkdent.cz\/de\/wp-json\/wp\/v2\/pages\/334\/revisions"}],"predecessor-version":[{"id":483,"href":"https:\/\/www.frymburkdent.cz\/de\/wp-json\/wp\/v2\/pages\/334\/revisions\/483"}],"up":[{"embeddable":true,"href":"https:\/\/www.frymburkdent.cz\/de\/wp-json\/wp\/v2\/pages\/323"}],"wp:attachment":[{"href":"https:\/\/www.frymburkdent.cz\/de\/wp-json\/wp\/v2\/media?parent=334"}],"curies":[{"name":"wp","href":"https:\/\/api.w.org\/{rel}","templated":true}]}}