{"id":332,"date":"2025-02-10T18:08:21","date_gmt":"2025-02-10T17:08:21","guid":{"rendered":"https:\/\/www.frymburkdent.cz\/sluzby\/mikroskopicka-stomatologie\/"},"modified":"2025-10-15T14:14:45","modified_gmt":"2025-10-15T12:14:45","slug":"mikroskopische-zahnmedizin","status":"publish","type":"page","link":"https:\/\/www.frymburkdent.cz\/de\/dienstleistungen\/mikroskopische-zahnmedizin\/","title":{"rendered":"Mikroskopische Zahnmedizin"},"content":{"rendered":"<h3>Warum ist das Mikroskop wichtig?<\/h3>\n<p>Dank einer bis zu 25-fachen Vergr\u00f6\u00dferung kann mit maximaler Pr\u00e4zision gearbeitet werden, was eine Reihe von Vorteilen mit sich bringt:<\/p>\n<ul>\n<li><strong>Perfekte Diagnostik<\/strong> \u2013 Identifizierung von Rissen, versteckten Kariesstellen oder Komplikationen in den Wurzelkan\u00e4len.<\/li>\n<li><strong>H\u00f6here Chance auf Zahnerhalt<\/strong> \u2013 Pr\u00e4zise Arbeit minimiert die Notwendigkeit von Extraktionen.<\/li>\n<li><strong>Bessere Behandlungsqualit\u00e4t<\/strong> \u2013 Vermeidung von Fehlern bei endodontischen oder prothetischen Behandlungen.<\/li>\n<li><strong>Minimierung invasiver Eingriffe<\/strong> \u2013 Dank der Pr\u00e4zision bleibt mehr gesundes Zahngewebe erhalten.<\/li>\n<\/ul>\n<h3>Wann wird ein Mikroskop verwendet?<\/h3>\n<ul>\n<li><strong>Endodontische Behandlung (Wurzelkanalbehandlung)<\/strong> \u2013 Perfekte Reinigung und F\u00fcllung der Kan\u00e4le f\u00fcr eine lange Lebensdauer des Zahns.<\/li>\n<li><strong>Karieserkennung<\/strong> \u2013 Aufdeckung selbst kleinster Kariesstellen ohne unn\u00f6tiges Abschleifen gesunder Zahnschmelzschichten.<\/li>\n<li><strong>Mikrochirurgische Eingriffe<\/strong> \u2013 Pr\u00e4zise und schonende Behandlungen mit schnellerer Genesung.<\/li>\n<li><strong>Prothetische Zahnmedizin<\/strong> \u2013 Perfekte Anpassung von Kronen, Veneers und Br\u00fccken f\u00fcr ein optimales Aussehen und optimale Funktionalit\u00e4t.<\/li>\n<\/ul>\n<h3>Die Zukunft der Zahnmedizin liegt im Detail<\/h3>\n<p>Die mikroskopische Zahnmedizin erm\u00f6glicht eine pr\u00e4zise Behandlung mit minimalem Eingriff in die gesunden Zahnstrukturen. Das Ergebnis ist eine h\u00f6here Erfolgsquote der Behandlung, eine l\u00e4ngere Lebensdauer der behandelten Z\u00e4hne und maximaler Komfort f\u00fcr den Patienten.<\/p>\n<p>Dank moderner Technologien k\u00f6nnen wir Ihnen eine unvergleichliche Behandlungsqualit\u00e4t bieten und zu einer langfristigen Gesundheit Ihrer Z\u00e4hne beitragen.<\/p>\n","protected":false},"excerpt":{"rendered":"<p>Warum ist das Mikroskop wichtig? Dank einer bis zu 25-fachen Vergr\u00f6\u00dferung kann mit maximaler Pr\u00e4zision gearbeitet werden, was eine Reihe von Vorteilen mit sich bringt: Perfekte Diagnostik \u2013 Identifizierung von Rissen, versteckten Kariesstellen oder Komplikationen in den Wurzelkan\u00e4len. H\u00f6here Chance auf Zahnerhalt \u2013 Pr\u00e4zise Arbeit minimiert die Notwendigkeit von Extraktionen. Bessere Behandlungsqualit\u00e4t \u2013 Vermeidung von&#8230;<\/p>\n","protected":false},"author":1,"featured_media":0,"parent":323,"menu_order":0,"comment_status":"closed","ping_status":"closed","template":"pages\/page-blocks.php","meta":{"footnotes":""},"class_list":["post-332","page","type-page","status-publish","hentry"],"yoast_head":"<!-- This site is optimized with the Yoast SEO plugin v25.6 - https:\/\/yoast.com\/wordpress\/plugins\/seo\/ -->\n<title>Mikroskopische Zahnmedizin | Zahnarztzentrum Frymburk<\/title>\n<meta name=\"description\" content=\"Vysoce precizn\u00ed o\u0161et\u0159en\u00ed s mikroskopickou stomatologi\u00ed v Dent\u00e1ln\u00edm centru Frymburk. Zajist\u00edme p\u0159esnou diagnostiku a efektivn\u00ed l\u00e9\u010dbu pro v\u00e1\u0161 \u00fasm\u011bv.\" \/>\n<meta name=\"robots\" content=\"index, follow, max-snippet:-1, max-image-preview:large, max-video-preview:-1\" \/>\n<link rel=\"canonical\" href=\"https:\/\/www.frymburkdent.cz\/de\/dienstleistungen\/mikroskopische-zahnmedizin\/\" \/>\n<meta property=\"og:locale\" content=\"de_DE\" \/>\n<meta property=\"og:type\" content=\"article\" \/>\n<meta property=\"og:title\" content=\"Mikroskopische Zahnmedizin | Zahnarztzentrum Frymburk\" \/>\n<meta property=\"og:description\" content=\"Vysoce precizn\u00ed o\u0161et\u0159en\u00ed s mikroskopickou stomatologi\u00ed v Dent\u00e1ln\u00edm centru Frymburk. Zajist\u00edme p\u0159esnou diagnostiku a efektivn\u00ed l\u00e9\u010dbu pro v\u00e1\u0161 \u00fasm\u011bv.\" \/>\n<meta property=\"og:url\" content=\"https:\/\/www.frymburkdent.cz\/de\/dienstleistungen\/mikroskopische-zahnmedizin\/\" \/>\n<meta property=\"og:site_name\" content=\"Zahnarztzentrum Frymburk\" \/>\n<meta property=\"article:modified_time\" content=\"2025-10-15T12:14:45+00:00\" \/>\n<meta property=\"og:image\" content=\"https:\/\/www.frymburkdent.cz\/wp-content\/uploads\/2025\/02\/OG-2.jpg\" \/>\n\t<meta property=\"og:image:width\" content=\"1200\" \/>\n\t<meta property=\"og:image:height\" content=\"630\" \/>\n\t<meta property=\"og:image:type\" content=\"image\/jpeg\" \/>\n<meta name=\"twitter:card\" content=\"summary_large_image\" \/>\n<meta name=\"twitter:label1\" content=\"Gesch\u00e4tzte Lesezeit\" \/>\n\t<meta name=\"twitter:data1\" content=\"1\u00a0Minute\" \/>\n<!-- \/ Yoast SEO plugin. -->","yoast_head_json":{"title":"Mikroskopische Zahnmedizin | Zahnarztzentrum Frymburk","description":"Vysoce precizn\u00ed o\u0161et\u0159en\u00ed s mikroskopickou stomatologi\u00ed v Dent\u00e1ln\u00edm centru Frymburk. Zajist\u00edme p\u0159esnou diagnostiku a efektivn\u00ed l\u00e9\u010dbu pro v\u00e1\u0161 \u00fasm\u011bv.","robots":{"index":"index","follow":"follow","max-snippet":"max-snippet:-1","max-image-preview":"max-image-preview:large","max-video-preview":"max-video-preview:-1"},"canonical":"https:\/\/www.frymburkdent.cz\/de\/dienstleistungen\/mikroskopische-zahnmedizin\/","og_locale":"de_DE","og_type":"article","og_title":"Mikroskopische Zahnmedizin | Zahnarztzentrum Frymburk","og_description":"Vysoce precizn\u00ed o\u0161et\u0159en\u00ed s mikroskopickou stomatologi\u00ed v Dent\u00e1ln\u00edm centru Frymburk. Zajist\u00edme p\u0159esnou diagnostiku a efektivn\u00ed l\u00e9\u010dbu pro v\u00e1\u0161 \u00fasm\u011bv.","og_url":"https:\/\/www.frymburkdent.cz\/de\/dienstleistungen\/mikroskopische-zahnmedizin\/","og_site_name":"Zahnarztzentrum Frymburk","article_modified_time":"2025-10-15T12:14:45+00:00","og_image":[{"width":1200,"height":630,"url":"https:\/\/www.frymburkdent.cz\/wp-content\/uploads\/2025\/02\/OG-2.jpg","type":"image\/jpeg"}],"twitter_card":"summary_large_image","twitter_misc":{"Gesch\u00e4tzte Lesezeit":"1\u00a0Minute"},"schema":{"@context":"https:\/\/schema.org","@graph":[{"@type":"WebPage","@id":"https:\/\/www.frymburkdent.cz\/de\/dienstleistungen\/mikroskopische-zahnmedizin\/","url":"https:\/\/www.frymburkdent.cz\/de\/dienstleistungen\/mikroskopische-zahnmedizin\/","name":"Mikroskopische Zahnmedizin | Zahnarztzentrum Frymburk","isPartOf":{"@id":"https:\/\/www.frymburkdent.cz\/de\/#website"},"datePublished":"2025-02-10T17:08:21+00:00","dateModified":"2025-10-15T12:14:45+00:00","description":"Vysoce precizn\u00ed o\u0161et\u0159en\u00ed s mikroskopickou stomatologi\u00ed v Dent\u00e1ln\u00edm centru Frymburk. Zajist\u00edme p\u0159esnou diagnostiku a efektivn\u00ed l\u00e9\u010dbu pro v\u00e1\u0161 \u00fasm\u011bv.","breadcrumb":{"@id":"https:\/\/www.frymburkdent.cz\/de\/dienstleistungen\/mikroskopische-zahnmedizin\/#breadcrumb"},"inLanguage":"de","potentialAction":[{"@type":"ReadAction","target":["https:\/\/www.frymburkdent.cz\/de\/dienstleistungen\/mikroskopische-zahnmedizin\/"]}]},{"@type":"BreadcrumbList","@id":"https:\/\/www.frymburkdent.cz\/de\/dienstleistungen\/mikroskopische-zahnmedizin\/#breadcrumb","itemListElement":[{"@type":"ListItem","position":1,"name":"\u00davod","item":"https:\/\/www.frymburkdent.cz\/de\/"},{"@type":"ListItem","position":2,"name":"Dienstleistungen","item":"https:\/\/www.frymburkdent.cz\/de\/dienstleistungen\/"},{"@type":"ListItem","position":3,"name":"Mikroskopische Zahnmedizin"}]},{"@type":"WebSite","@id":"https:\/\/www.frymburkdent.cz\/de\/#website","url":"https:\/\/www.frymburkdent.cz\/de\/","name":"Dent\u00e1ln\u00ed centrum Frymburk","description":"","publisher":{"@id":"https:\/\/www.frymburkdent.cz\/de\/#organization"},"potentialAction":[{"@type":"SearchAction","target":{"@type":"EntryPoint","urlTemplate":"https:\/\/www.frymburkdent.cz\/de\/?s={search_term_string}"},"query-input":{"@type":"PropertyValueSpecification","valueRequired":true,"valueName":"search_term_string"}}],"inLanguage":"de"},{"@type":"Organization","@id":"https:\/\/www.frymburkdent.cz\/de\/#organization","name":"Zahnarztzentrum Frymburk","url":"https:\/\/www.frymburkdent.cz\/de\/","logo":{"@type":"ImageObject","inLanguage":"de","@id":"https:\/\/www.frymburkdent.cz\/de\/#\/schema\/logo\/image\/","url":"https:\/\/www.frymburkdent.cz\/wp-content\/uploads\/2025\/02\/logo-1x_720.png","contentUrl":"https:\/\/www.frymburkdent.cz\/wp-content\/uploads\/2025\/02\/logo-1x_720.png","width":720,"height":600,"caption":"Zahnarztzentrum Frymburk"},"image":{"@id":"https:\/\/www.frymburkdent.cz\/de\/#\/schema\/logo\/image\/"}}]}},"_links":{"self":[{"href":"https:\/\/www.frymburkdent.cz\/de\/wp-json\/wp\/v2\/pages\/332","targetHints":{"allow":["GET"]}}],"collection":[{"href":"https:\/\/www.frymburkdent.cz\/de\/wp-json\/wp\/v2\/pages"}],"about":[{"href":"https:\/\/www.frymburkdent.cz\/de\/wp-json\/wp\/v2\/types\/page"}],"author":[{"embeddable":true,"href":"https:\/\/www.frymburkdent.cz\/de\/wp-json\/wp\/v2\/users\/1"}],"replies":[{"embeddable":true,"href":"https:\/\/www.frymburkdent.cz\/de\/wp-json\/wp\/v2\/comments?post=332"}],"version-history":[{"count":4,"href":"https:\/\/www.frymburkdent.cz\/de\/wp-json\/wp\/v2\/pages\/332\/revisions"}],"predecessor-version":[{"id":481,"href":"https:\/\/www.frymburkdent.cz\/de\/wp-json\/wp\/v2\/pages\/332\/revisions\/481"}],"up":[{"embeddable":true,"href":"https:\/\/www.frymburkdent.cz\/de\/wp-json\/wp\/v2\/pages\/323"}],"wp:attachment":[{"href":"https:\/\/www.frymburkdent.cz\/de\/wp-json\/wp\/v2\/media?parent=332"}],"curies":[{"name":"wp","href":"https:\/\/api.w.org\/{rel}","templated":true}]}}