{"id":330,"date":"2025-02-10T18:06:45","date_gmt":"2025-02-10T17:06:45","guid":{"rendered":"https:\/\/www.frymburkdent.cz\/sluzby\/esteticke-fazety\/"},"modified":"2025-10-15T14:14:22","modified_gmt":"2025-10-15T12:14:22","slug":"asthetische-facetten","status":"publish","type":"page","link":"https:\/\/www.frymburkdent.cz\/de\/dienstleistungen\/asthetische-facetten\/","title":{"rendered":"\u00c4sthetische Facetten"},"content":{"rendered":"<h3>Individuelle L\u00f6sungen f\u00fcr jeden<\/h3>\n<p>Jedes L\u00e4cheln ist einzigartig, deshalb behandeln wir jeden Patienten mit gr\u00f6\u00dfter Sorgfalt. Wir bieten eine breite Palette an Zahnersatz an, darunter:<\/p>\n<ul>\n<li><strong>Kronen und Br\u00fccken<\/strong> \u2013 Feste Zahnersatzl\u00f6sungen, die besch\u00e4digte oder fehlende Z\u00e4hne ersetzen.<\/li>\n<li><strong>Keramikveneers<\/strong> \u2013 Die perfekte Wahl f\u00fcr die \u00e4sthetische Korrektur der Zahnform und -farbe.<\/li>\n<li><strong>Herausnehmbare und festsitzende Prothesen<\/strong> \u2013 Komfortable und funktionelle L\u00f6sungen f\u00fcr teilweisen und vollst\u00e4ndigen Zahnverlust.<\/li>\n<li><strong>Implantate mit prothetischer Aufbauten<\/strong> \u2013 Die modernste Methode des Zahnersatzes mit langer Lebensdauer.<\/li>\n<\/ul>\n<h3>Pr\u00e4zision und nat\u00fcrliches Aussehen<\/h3>\n<p><img decoding=\"async\" class=\"alignleft size-medium wp-image-149\" src=\"data:image\/gif;base64,R0lGODlhAQABAIAAAAAAAP\/\/\/yH5BAEAAAAALAAAAAABAAEAAAIBRAA7\" data-src=\"https:\/\/www.frymburkdent.cz\/wp-content\/uploads\/2025\/02\/artificial-teeth-full-mouth-dental-office-300x200.jpg\" alt=\"\" width=\"300\" height=\"200\" srcset=\"data:image\/gif;base64,R0lGODlhAQABAIAAAAAAAP\/\/\/yH5BAEAAAAALAAAAAABAAEAAAIBRAA7\" data-srcset=\"https:\/\/www.frymburkdent.cz\/wp-content\/uploads\/2025\/02\/artificial-teeth-full-mouth-dental-office-300x200.jpg 300w, https:\/\/www.frymburkdent.cz\/wp-content\/uploads\/2025\/02\/artificial-teeth-full-mouth-dental-office-1024x683.jpg 1024w, https:\/\/www.frymburkdent.cz\/wp-content\/uploads\/2025\/02\/artificial-teeth-full-mouth-dental-office-768x512.jpg 768w, https:\/\/www.frymburkdent.cz\/wp-content\/uploads\/2025\/02\/artificial-teeth-full-mouth-dental-office-1536x1024.jpg 1536w, https:\/\/www.frymburkdent.cz\/wp-content\/uploads\/2025\/02\/artificial-teeth-full-mouth-dental-office-2048x1365.jpg 2048w, https:\/\/www.frymburkdent.cz\/wp-content\/uploads\/2025\/02\/artificial-teeth-full-mouth-dental-office-320x213.jpg 320w, https:\/\/www.frymburkdent.cz\/wp-content\/uploads\/2025\/02\/artificial-teeth-full-mouth-dental-office-190x127.jpg 190w\" sizes=\"(max-width: 300px) 100vw, 300px\" \/>Wir arbeiten mit Experten f\u00fcr Zahntechnik zusammen, die die neuesten Materialien und Technologien verwenden. Das Ergebnis sind \u00e4sthetisch perfekte und funktionell zuverl\u00e4ssige Zahnersatzl\u00f6sungen, die sich nahtlos in das nat\u00fcrliche Gebiss einf\u00fcgen. und nat\u00fcrliches Aussehen<\/p>\n<p>&nbsp;<\/p>\n<p>&nbsp;<\/p>\n<p>&nbsp;<\/p>\n<h3>Komfortable Pflege und langfristige Zufriedenheit<\/h3>\n<p><img decoding=\"async\" class=\"alignright size-medium wp-image-148\" src=\"data:image\/gif;base64,R0lGODlhAQABAIAAAAAAAP\/\/\/yH5BAEAAAAALAAAAAABAAEAAAIBRAA7\" data-src=\"https:\/\/www.frymburkdent.cz\/wp-content\/uploads\/2025\/02\/dentist-measuring-plastic-teeth-model-with-vernier-caliper-300x200.jpg\" alt=\"\" width=\"300\" height=\"200\" srcset=\"data:image\/gif;base64,R0lGODlhAQABAIAAAAAAAP\/\/\/yH5BAEAAAAALAAAAAABAAEAAAIBRAA7\" data-srcset=\"https:\/\/www.frymburkdent.cz\/wp-content\/uploads\/2025\/02\/dentist-measuring-plastic-teeth-model-with-vernier-caliper-300x200.jpg 300w, https:\/\/www.frymburkdent.cz\/wp-content\/uploads\/2025\/02\/dentist-measuring-plastic-teeth-model-with-vernier-caliper-1024x683.jpg 1024w, https:\/\/www.frymburkdent.cz\/wp-content\/uploads\/2025\/02\/dentist-measuring-plastic-teeth-model-with-vernier-caliper-768x512.jpg 768w, https:\/\/www.frymburkdent.cz\/wp-content\/uploads\/2025\/02\/dentist-measuring-plastic-teeth-model-with-vernier-caliper-1536x1024.jpg 1536w, https:\/\/www.frymburkdent.cz\/wp-content\/uploads\/2025\/02\/dentist-measuring-plastic-teeth-model-with-vernier-caliper-2048x1365.jpg 2048w, https:\/\/www.frymburkdent.cz\/wp-content\/uploads\/2025\/02\/dentist-measuring-plastic-teeth-model-with-vernier-caliper-320x213.jpg 320w, https:\/\/www.frymburkdent.cz\/wp-content\/uploads\/2025\/02\/dentist-measuring-plastic-teeth-model-with-vernier-caliper-190x127.jpg 190w\" sizes=\"(max-width: 300px) 100vw, 300px\" \/>Prothetische Arbeiten stellen nicht nur das L\u00e4cheln wieder her, sondern tragen auch zur korrekten Funktion des Kiefers und zur allgemeinen Gesundheit der Mundh\u00f6hle bei. Unser Ziel ist es, eine L\u00f6sung zu finden, die nicht nur sch\u00f6n, sondern auch bequem und langfristig nachhaltig ist.<\/p>\n","protected":false},"excerpt":{"rendered":"<p>Individuelle L\u00f6sungen f\u00fcr jeden Jedes L\u00e4cheln ist einzigartig, deshalb behandeln wir jeden Patienten mit gr\u00f6\u00dfter Sorgfalt. Wir bieten eine breite Palette an Zahnersatz an, darunter: Kronen und Br\u00fccken \u2013 Feste Zahnersatzl\u00f6sungen, die besch\u00e4digte oder fehlende Z\u00e4hne ersetzen. Keramikveneers \u2013 Die perfekte Wahl f\u00fcr die \u00e4sthetische Korrektur der Zahnform und -farbe. Herausnehmbare und festsitzende Prothesen \u2013&#8230;<\/p>\n","protected":false},"author":1,"featured_media":0,"parent":323,"menu_order":0,"comment_status":"closed","ping_status":"closed","template":"pages\/page-blocks.php","meta":{"footnotes":""},"class_list":["post-330","page","type-page","status-publish","hentry"],"yoast_head":"<!-- This site is optimized with the Yoast SEO plugin v25.6 - https:\/\/yoast.com\/wordpress\/plugins\/seo\/ -->\n<title>\u00c4sthetische Facetten | Zahnarztzentrum Frymburk<\/title>\n<meta name=\"description\" content=\"Z\u00edskejte kr\u00e1sn\u00fd \u00fasm\u011bv s estetick\u00fdmi fazetami v Dent\u00e1ln\u00edm centru Frymburk. \u0160pi\u010dkov\u00e1 p\u00e9\u010de pro dokonal\u00fd vzhled va\u0161ich zub\u016f.\" \/>\n<meta name=\"robots\" content=\"index, follow, max-snippet:-1, max-image-preview:large, max-video-preview:-1\" \/>\n<link rel=\"canonical\" href=\"https:\/\/www.frymburkdent.cz\/de\/dienstleistungen\/asthetische-facetten\/\" \/>\n<meta property=\"og:locale\" content=\"de_DE\" \/>\n<meta property=\"og:type\" content=\"article\" \/>\n<meta property=\"og:title\" content=\"\u00c4sthetische Facetten | Zahnarztzentrum Frymburk\" \/>\n<meta property=\"og:description\" content=\"Z\u00edskejte kr\u00e1sn\u00fd \u00fasm\u011bv s estetick\u00fdmi fazetami v Dent\u00e1ln\u00edm centru Frymburk. \u0160pi\u010dkov\u00e1 p\u00e9\u010de pro dokonal\u00fd vzhled va\u0161ich zub\u016f.\" \/>\n<meta property=\"og:url\" content=\"https:\/\/www.frymburkdent.cz\/de\/dienstleistungen\/asthetische-facetten\/\" \/>\n<meta property=\"og:site_name\" content=\"Zahnarztzentrum Frymburk\" \/>\n<meta property=\"article:modified_time\" content=\"2025-10-15T12:14:22+00:00\" \/>\n<meta property=\"og:image\" content=\"https:\/\/www.frymburkdent.cz\/wp-content\/uploads\/2025\/02\/artificial-teeth-full-mouth-dental-office-scaled.jpg\" \/>\n\t<meta property=\"og:image:width\" content=\"2560\" \/>\n\t<meta property=\"og:image:height\" content=\"1707\" \/>\n\t<meta property=\"og:image:type\" content=\"image\/jpeg\" \/>\n<meta name=\"twitter:card\" content=\"summary_large_image\" \/>\n<meta name=\"twitter:label1\" content=\"Gesch\u00e4tzte Lesezeit\" \/>\n\t<meta name=\"twitter:data1\" content=\"2\u00a0Minuten\" \/>\n<!-- \/ Yoast SEO plugin. -->","yoast_head_json":{"title":"\u00c4sthetische Facetten | Zahnarztzentrum Frymburk","description":"Z\u00edskejte kr\u00e1sn\u00fd \u00fasm\u011bv s estetick\u00fdmi fazetami v Dent\u00e1ln\u00edm centru Frymburk. \u0160pi\u010dkov\u00e1 p\u00e9\u010de pro dokonal\u00fd vzhled va\u0161ich zub\u016f.","robots":{"index":"index","follow":"follow","max-snippet":"max-snippet:-1","max-image-preview":"max-image-preview:large","max-video-preview":"max-video-preview:-1"},"canonical":"https:\/\/www.frymburkdent.cz\/de\/dienstleistungen\/asthetische-facetten\/","og_locale":"de_DE","og_type":"article","og_title":"\u00c4sthetische Facetten | Zahnarztzentrum Frymburk","og_description":"Z\u00edskejte kr\u00e1sn\u00fd \u00fasm\u011bv s estetick\u00fdmi fazetami v Dent\u00e1ln\u00edm centru Frymburk. \u0160pi\u010dkov\u00e1 p\u00e9\u010de pro dokonal\u00fd vzhled va\u0161ich zub\u016f.","og_url":"https:\/\/www.frymburkdent.cz\/de\/dienstleistungen\/asthetische-facetten\/","og_site_name":"Zahnarztzentrum Frymburk","article_modified_time":"2025-10-15T12:14:22+00:00","og_image":[{"width":2560,"height":1707,"url":"https:\/\/www.frymburkdent.cz\/wp-content\/uploads\/2025\/02\/artificial-teeth-full-mouth-dental-office-scaled.jpg","type":"image\/jpeg"}],"twitter_card":"summary_large_image","twitter_misc":{"Gesch\u00e4tzte Lesezeit":"2\u00a0Minuten"},"schema":{"@context":"https:\/\/schema.org","@graph":[{"@type":"WebPage","@id":"https:\/\/www.frymburkdent.cz\/de\/dienstleistungen\/asthetische-facetten\/","url":"https:\/\/www.frymburkdent.cz\/de\/dienstleistungen\/asthetische-facetten\/","name":"\u00c4sthetische Facetten | Zahnarztzentrum Frymburk","isPartOf":{"@id":"https:\/\/www.frymburkdent.cz\/de\/#website"},"primaryImageOfPage":{"@id":"https:\/\/www.frymburkdent.cz\/de\/dienstleistungen\/asthetische-facetten\/#primaryimage"},"image":{"@id":"https:\/\/www.frymburkdent.cz\/de\/dienstleistungen\/asthetische-facetten\/#primaryimage"},"thumbnailUrl":"https:\/\/www.frymburkdent.cz\/wp-content\/uploads\/2025\/02\/artificial-teeth-full-mouth-dental-office-300x200.jpg","datePublished":"2025-02-10T17:06:45+00:00","dateModified":"2025-10-15T12:14:22+00:00","description":"Z\u00edskejte kr\u00e1sn\u00fd \u00fasm\u011bv s estetick\u00fdmi fazetami v Dent\u00e1ln\u00edm centru Frymburk. \u0160pi\u010dkov\u00e1 p\u00e9\u010de pro dokonal\u00fd vzhled va\u0161ich zub\u016f.","breadcrumb":{"@id":"https:\/\/www.frymburkdent.cz\/de\/dienstleistungen\/asthetische-facetten\/#breadcrumb"},"inLanguage":"de","potentialAction":[{"@type":"ReadAction","target":["https:\/\/www.frymburkdent.cz\/de\/dienstleistungen\/asthetische-facetten\/"]}]},{"@type":"ImageObject","inLanguage":"de","@id":"https:\/\/www.frymburkdent.cz\/de\/dienstleistungen\/asthetische-facetten\/#primaryimage","url":"https:\/\/www.frymburkdent.cz\/wp-content\/uploads\/2025\/02\/artificial-teeth-full-mouth-dental-office-300x200.jpg","contentUrl":"https:\/\/www.frymburkdent.cz\/wp-content\/uploads\/2025\/02\/artificial-teeth-full-mouth-dental-office-300x200.jpg"},{"@type":"BreadcrumbList","@id":"https:\/\/www.frymburkdent.cz\/de\/dienstleistungen\/asthetische-facetten\/#breadcrumb","itemListElement":[{"@type":"ListItem","position":1,"name":"\u00davod","item":"https:\/\/www.frymburkdent.cz\/de\/"},{"@type":"ListItem","position":2,"name":"Dienstleistungen","item":"https:\/\/www.frymburkdent.cz\/de\/dienstleistungen\/"},{"@type":"ListItem","position":3,"name":"\u00c4sthetische Facetten"}]},{"@type":"WebSite","@id":"https:\/\/www.frymburkdent.cz\/de\/#website","url":"https:\/\/www.frymburkdent.cz\/de\/","name":"Dent\u00e1ln\u00ed centrum Frymburk","description":"","publisher":{"@id":"https:\/\/www.frymburkdent.cz\/de\/#organization"},"potentialAction":[{"@type":"SearchAction","target":{"@type":"EntryPoint","urlTemplate":"https:\/\/www.frymburkdent.cz\/de\/?s={search_term_string}"},"query-input":{"@type":"PropertyValueSpecification","valueRequired":true,"valueName":"search_term_string"}}],"inLanguage":"de"},{"@type":"Organization","@id":"https:\/\/www.frymburkdent.cz\/de\/#organization","name":"Zahnarztzentrum Frymburk","url":"https:\/\/www.frymburkdent.cz\/de\/","logo":{"@type":"ImageObject","inLanguage":"de","@id":"https:\/\/www.frymburkdent.cz\/de\/#\/schema\/logo\/image\/","url":"https:\/\/www.frymburkdent.cz\/wp-content\/uploads\/2025\/02\/logo-1x_720.png","contentUrl":"https:\/\/www.frymburkdent.cz\/wp-content\/uploads\/2025\/02\/logo-1x_720.png","width":720,"height":600,"caption":"Zahnarztzentrum Frymburk"},"image":{"@id":"https:\/\/www.frymburkdent.cz\/de\/#\/schema\/logo\/image\/"}}]}},"_links":{"self":[{"href":"https:\/\/www.frymburkdent.cz\/de\/wp-json\/wp\/v2\/pages\/330","targetHints":{"allow":["GET"]}}],"collection":[{"href":"https:\/\/www.frymburkdent.cz\/de\/wp-json\/wp\/v2\/pages"}],"about":[{"href":"https:\/\/www.frymburkdent.cz\/de\/wp-json\/wp\/v2\/types\/page"}],"author":[{"embeddable":true,"href":"https:\/\/www.frymburkdent.cz\/de\/wp-json\/wp\/v2\/users\/1"}],"replies":[{"embeddable":true,"href":"https:\/\/www.frymburkdent.cz\/de\/wp-json\/wp\/v2\/comments?post=330"}],"version-history":[{"count":4,"href":"https:\/\/www.frymburkdent.cz\/de\/wp-json\/wp\/v2\/pages\/330\/revisions"}],"predecessor-version":[{"id":480,"href":"https:\/\/www.frymburkdent.cz\/de\/wp-json\/wp\/v2\/pages\/330\/revisions\/480"}],"up":[{"embeddable":true,"href":"https:\/\/www.frymburkdent.cz\/de\/wp-json\/wp\/v2\/pages\/323"}],"wp:attachment":[{"href":"https:\/\/www.frymburkdent.cz\/de\/wp-json\/wp\/v2\/media?parent=330"}],"curies":[{"name":"wp","href":"https:\/\/api.w.org\/{rel}","templated":true}]}}