{"id":328,"date":"2025-02-10T21:12:47","date_gmt":"2025-02-10T20:12:47","guid":{"rendered":"https:\/\/www.frymburkdent.cz\/sluzby\/detska-stomatologie\/"},"modified":"2025-10-15T14:13:40","modified_gmt":"2025-10-15T12:13:40","slug":"kinderzahnheilkunde","status":"publish","type":"page","link":"https:\/\/www.frymburkdent.cz\/de\/dienstleistungen\/kinderzahnheilkunde\/","title":{"rendered":"Kinderzahnheilkunde"},"content":{"rendered":"<h3>Schonender Umgang mit kleinen Patienten<\/h3>\n<p>Kinder brauchen einen einf\u00fchlsamen und geduldigen Umgang, damit sie sich beim Zahnarzt sicher f\u00fchlen. Das Ziel ist nicht nur die Behandlung, sondern auch der Aufbau von Vertrauen, um \u00c4ngste vor dem Zahnarzt in Zukunft vorzubeugen.<\/p>\n<h3>Was bieten wir an?<\/h3>\n<ul>\n<li><strong>Vorsorgeuntersuchungen<\/strong> \u2013 Regelm\u00e4\u00dfige Kontrollen f\u00fcr eine gesunde Zahnentwicklung.<\/li>\n<li><strong>Behandlung von Karies<\/strong> \u2013 Schonende Methoden und moderne Materialien f\u00fcr eine schmerzfreie Behandlung.<\/li>\n<li><strong>Fissurenversiegelung<\/strong> \u2013 Schutz der bleibenden Z\u00e4hne vor Karies.<\/li>\n<li><strong>Fluoridierung<\/strong> \u2013 St\u00e4rkung des Zahnschmelzes f\u00fcr eine h\u00f6here Widerstandsf\u00e4higkeit gegen Karies.<\/li>\n<li><strong>Training der richtigen Hygiene<\/strong> \u2013 Wir bringen den Kindern bei, wie sie ihre Z\u00e4hne richtig putzen und ihr L\u00e4cheln pflegen.<\/li>\n<\/ul>\n<h3>Pr\u00e4vention ist der Schl\u00fcssel zu gesunden Z\u00e4hnen<\/h3>\n<p>Regelm\u00e4\u00dfige Besuche beim Kinderzahnarzt sind entscheidend f\u00fcr die fr\u00fchzeitige Erkennung von Problemen. Je fr\u00fcher sich ein Kind an Vorsorgeuntersuchungen gew\u00f6hnt, desto geringer ist die Wahrscheinlichkeit, dass im Erwachsenenalter Komplikationen auftreten.<\/p>\n<p>Mit einf\u00fchlsamer Herangehensweise und modernen Methoden helfen wir Kindern, ein gesundes und sch\u00f6nes L\u00e4cheln zu bekommen, das ihnen ein Leben lang erhalten bleibt.<\/p>\n","protected":false},"excerpt":{"rendered":"<p>Schonender Umgang mit kleinen Patienten Kinder brauchen einen einf\u00fchlsamen und geduldigen Umgang, damit sie sich beim Zahnarzt sicher f\u00fchlen. Das Ziel ist nicht nur die Behandlung, sondern auch der Aufbau von Vertrauen, um \u00c4ngste vor dem Zahnarzt in Zukunft vorzubeugen. Was bieten wir an? Vorsorgeuntersuchungen \u2013 Regelm\u00e4\u00dfige Kontrollen f\u00fcr eine gesunde Zahnentwicklung. Behandlung von Karies&#8230;<\/p>\n","protected":false},"author":1,"featured_media":0,"parent":323,"menu_order":0,"comment_status":"closed","ping_status":"closed","template":"pages\/page-blocks.php","meta":{"footnotes":""},"class_list":["post-328","page","type-page","status-publish","hentry"],"yoast_head":"<!-- This site is optimized with the Yoast SEO plugin v25.6 - https:\/\/yoast.com\/wordpress\/plugins\/seo\/ -->\n<title>Kinderzahnheilkunde | Zahnarztzentrum Frymburk<\/title>\n<meta name=\"description\" content=\"P\u00e9\u010de o d\u011btsk\u00e9 zoubky v Dent\u00e1ln\u00edm centru Frymburk. \u0160etrn\u00e9 a p\u0159\u00e1telsk\u00e9 o\u0161et\u0159en\u00ed pro va\u0161e d\u011bti. Zajist\u00edme zdrav\u00fd \u00fasm\u011bv od \u00fatl\u00e9ho v\u011bku.\" \/>\n<meta name=\"robots\" content=\"index, follow, max-snippet:-1, max-image-preview:large, max-video-preview:-1\" \/>\n<link rel=\"canonical\" href=\"https:\/\/www.frymburkdent.cz\/de\/dienstleistungen\/kinderzahnheilkunde\/\" \/>\n<meta property=\"og:locale\" content=\"de_DE\" \/>\n<meta property=\"og:type\" content=\"article\" \/>\n<meta property=\"og:title\" content=\"Kinderzahnheilkunde | Zahnarztzentrum Frymburk\" \/>\n<meta property=\"og:description\" content=\"P\u00e9\u010de o d\u011btsk\u00e9 zoubky v Dent\u00e1ln\u00edm centru Frymburk. \u0160etrn\u00e9 a p\u0159\u00e1telsk\u00e9 o\u0161et\u0159en\u00ed pro va\u0161e d\u011bti. Zajist\u00edme zdrav\u00fd \u00fasm\u011bv od \u00fatl\u00e9ho v\u011bku.\" \/>\n<meta property=\"og:url\" content=\"https:\/\/www.frymburkdent.cz\/de\/dienstleistungen\/kinderzahnheilkunde\/\" \/>\n<meta property=\"og:site_name\" content=\"Zahnarztzentrum Frymburk\" \/>\n<meta property=\"article:modified_time\" content=\"2025-10-15T12:13:40+00:00\" \/>\n<meta property=\"og:image\" content=\"https:\/\/www.frymburkdent.cz\/wp-content\/uploads\/2025\/02\/OG-2.jpg\" \/>\n\t<meta property=\"og:image:width\" content=\"1200\" \/>\n\t<meta property=\"og:image:height\" content=\"630\" \/>\n\t<meta property=\"og:image:type\" content=\"image\/jpeg\" \/>\n<meta name=\"twitter:card\" content=\"summary_large_image\" \/>\n<meta name=\"twitter:label1\" content=\"Gesch\u00e4tzte Lesezeit\" \/>\n\t<meta name=\"twitter:data1\" content=\"1\u00a0Minute\" \/>\n<!-- \/ Yoast SEO plugin. -->","yoast_head_json":{"title":"Kinderzahnheilkunde | Zahnarztzentrum Frymburk","description":"P\u00e9\u010de o d\u011btsk\u00e9 zoubky v Dent\u00e1ln\u00edm centru Frymburk. \u0160etrn\u00e9 a p\u0159\u00e1telsk\u00e9 o\u0161et\u0159en\u00ed pro va\u0161e d\u011bti. Zajist\u00edme zdrav\u00fd \u00fasm\u011bv od \u00fatl\u00e9ho v\u011bku.","robots":{"index":"index","follow":"follow","max-snippet":"max-snippet:-1","max-image-preview":"max-image-preview:large","max-video-preview":"max-video-preview:-1"},"canonical":"https:\/\/www.frymburkdent.cz\/de\/dienstleistungen\/kinderzahnheilkunde\/","og_locale":"de_DE","og_type":"article","og_title":"Kinderzahnheilkunde | Zahnarztzentrum Frymburk","og_description":"P\u00e9\u010de o d\u011btsk\u00e9 zoubky v Dent\u00e1ln\u00edm centru Frymburk. \u0160etrn\u00e9 a p\u0159\u00e1telsk\u00e9 o\u0161et\u0159en\u00ed pro va\u0161e d\u011bti. Zajist\u00edme zdrav\u00fd \u00fasm\u011bv od \u00fatl\u00e9ho v\u011bku.","og_url":"https:\/\/www.frymburkdent.cz\/de\/dienstleistungen\/kinderzahnheilkunde\/","og_site_name":"Zahnarztzentrum Frymburk","article_modified_time":"2025-10-15T12:13:40+00:00","og_image":[{"width":1200,"height":630,"url":"https:\/\/www.frymburkdent.cz\/wp-content\/uploads\/2025\/02\/OG-2.jpg","type":"image\/jpeg"}],"twitter_card":"summary_large_image","twitter_misc":{"Gesch\u00e4tzte Lesezeit":"1\u00a0Minute"},"schema":{"@context":"https:\/\/schema.org","@graph":[{"@type":"WebPage","@id":"https:\/\/www.frymburkdent.cz\/de\/dienstleistungen\/kinderzahnheilkunde\/","url":"https:\/\/www.frymburkdent.cz\/de\/dienstleistungen\/kinderzahnheilkunde\/","name":"Kinderzahnheilkunde | Zahnarztzentrum Frymburk","isPartOf":{"@id":"https:\/\/www.frymburkdent.cz\/de\/#website"},"datePublished":"2025-02-10T20:12:47+00:00","dateModified":"2025-10-15T12:13:40+00:00","description":"P\u00e9\u010de o d\u011btsk\u00e9 zoubky v Dent\u00e1ln\u00edm centru Frymburk. \u0160etrn\u00e9 a p\u0159\u00e1telsk\u00e9 o\u0161et\u0159en\u00ed pro va\u0161e d\u011bti. Zajist\u00edme zdrav\u00fd \u00fasm\u011bv od \u00fatl\u00e9ho v\u011bku.","breadcrumb":{"@id":"https:\/\/www.frymburkdent.cz\/de\/dienstleistungen\/kinderzahnheilkunde\/#breadcrumb"},"inLanguage":"de","potentialAction":[{"@type":"ReadAction","target":["https:\/\/www.frymburkdent.cz\/de\/dienstleistungen\/kinderzahnheilkunde\/"]}]},{"@type":"BreadcrumbList","@id":"https:\/\/www.frymburkdent.cz\/de\/dienstleistungen\/kinderzahnheilkunde\/#breadcrumb","itemListElement":[{"@type":"ListItem","position":1,"name":"\u00davod","item":"https:\/\/www.frymburkdent.cz\/de\/"},{"@type":"ListItem","position":2,"name":"Dienstleistungen","item":"https:\/\/www.frymburkdent.cz\/de\/dienstleistungen\/"},{"@type":"ListItem","position":3,"name":"Kinderzahnheilkunde"}]},{"@type":"WebSite","@id":"https:\/\/www.frymburkdent.cz\/de\/#website","url":"https:\/\/www.frymburkdent.cz\/de\/","name":"Dent\u00e1ln\u00ed centrum Frymburk","description":"","publisher":{"@id":"https:\/\/www.frymburkdent.cz\/de\/#organization"},"potentialAction":[{"@type":"SearchAction","target":{"@type":"EntryPoint","urlTemplate":"https:\/\/www.frymburkdent.cz\/de\/?s={search_term_string}"},"query-input":{"@type":"PropertyValueSpecification","valueRequired":true,"valueName":"search_term_string"}}],"inLanguage":"de"},{"@type":"Organization","@id":"https:\/\/www.frymburkdent.cz\/de\/#organization","name":"Zahnarztzentrum Frymburk","url":"https:\/\/www.frymburkdent.cz\/de\/","logo":{"@type":"ImageObject","inLanguage":"de","@id":"https:\/\/www.frymburkdent.cz\/de\/#\/schema\/logo\/image\/","url":"https:\/\/www.frymburkdent.cz\/wp-content\/uploads\/2025\/02\/logo-1x_720.png","contentUrl":"https:\/\/www.frymburkdent.cz\/wp-content\/uploads\/2025\/02\/logo-1x_720.png","width":720,"height":600,"caption":"Zahnarztzentrum Frymburk"},"image":{"@id":"https:\/\/www.frymburkdent.cz\/de\/#\/schema\/logo\/image\/"}}]}},"_links":{"self":[{"href":"https:\/\/www.frymburkdent.cz\/de\/wp-json\/wp\/v2\/pages\/328","targetHints":{"allow":["GET"]}}],"collection":[{"href":"https:\/\/www.frymburkdent.cz\/de\/wp-json\/wp\/v2\/pages"}],"about":[{"href":"https:\/\/www.frymburkdent.cz\/de\/wp-json\/wp\/v2\/types\/page"}],"author":[{"embeddable":true,"href":"https:\/\/www.frymburkdent.cz\/de\/wp-json\/wp\/v2\/users\/1"}],"replies":[{"embeddable":true,"href":"https:\/\/www.frymburkdent.cz\/de\/wp-json\/wp\/v2\/comments?post=328"}],"version-history":[{"count":4,"href":"https:\/\/www.frymburkdent.cz\/de\/wp-json\/wp\/v2\/pages\/328\/revisions"}],"predecessor-version":[{"id":478,"href":"https:\/\/www.frymburkdent.cz\/de\/wp-json\/wp\/v2\/pages\/328\/revisions\/478"}],"up":[{"embeddable":true,"href":"https:\/\/www.frymburkdent.cz\/de\/wp-json\/wp\/v2\/pages\/323"}],"wp:attachment":[{"href":"https:\/\/www.frymburkdent.cz\/de\/wp-json\/wp\/v2\/media?parent=328"}],"curies":[{"name":"wp","href":"https:\/\/api.w.org\/{rel}","templated":true}]}}