{"id":322,"date":"2025-02-10T18:10:20","date_gmt":"2025-02-10T17:10:20","guid":{"rendered":"https:\/\/www.frymburkdent.cz\/kontakty\/"},"modified":"2025-10-15T14:12:11","modified_gmt":"2025-10-15T12:12:11","slug":"kontakte","status":"publish","type":"page","link":"https:\/\/www.frymburkdent.cz\/de\/kontakte\/","title":{"rendered":"Kontakte"},"content":{"rendered":"","protected":false},"excerpt":{"rendered":"","protected":false},"author":1,"featured_media":0,"parent":0,"menu_order":0,"comment_status":"closed","ping_status":"closed","template":"pages\/page-blocks.php","meta":{"footnotes":""},"class_list":["post-322","page","type-page","status-publish","hentry"],"yoast_head":"<!-- This site is optimized with the Yoast SEO plugin v25.6 - https:\/\/yoast.com\/wordpress\/plugins\/seo\/ -->\n<title>Kontakte | Zahnarztzentrum Frymburk<\/title>\n<meta name=\"description\" content=\"Kontaktujte n\u00e1s pro v\u00edce informac\u00ed nebo objedn\u00e1n\u00ed na o\u0161et\u0159en\u00ed. E-mail: frymburkdent@seznam.cz, tel.: +420 773 883 777, Adresa: Jeron\u00fdmova 20\/27, 370 01 \u010cesk\u00e9 Bud\u011bjovice 6.\" \/>\n<meta name=\"robots\" content=\"index, follow, max-snippet:-1, max-image-preview:large, max-video-preview:-1\" \/>\n<link rel=\"canonical\" href=\"https:\/\/www.frymburkdent.cz\/de\/kontakte\/\" \/>\n<meta property=\"og:locale\" content=\"de_DE\" \/>\n<meta property=\"og:type\" content=\"article\" \/>\n<meta property=\"og:title\" content=\"Kontakte | Zahnarztzentrum Frymburk\" \/>\n<meta property=\"og:description\" content=\"Kontaktujte n\u00e1s pro v\u00edce informac\u00ed nebo objedn\u00e1n\u00ed na o\u0161et\u0159en\u00ed. E-mail: frymburkdent@seznam.cz, tel.: +420 773 883 777, Adresa: Jeron\u00fdmova 20\/27, 370 01 \u010cesk\u00e9 Bud\u011bjovice 6.\" \/>\n<meta property=\"og:url\" content=\"https:\/\/www.frymburkdent.cz\/de\/kontakte\/\" \/>\n<meta property=\"og:site_name\" content=\"Zahnarztzentrum Frymburk\" \/>\n<meta property=\"article:modified_time\" content=\"2025-10-15T12:12:11+00:00\" \/>\n<meta property=\"og:image\" content=\"https:\/\/www.frymburkdent.cz\/wp-content\/uploads\/2025\/02\/OG-2.jpg\" \/>\n\t<meta property=\"og:image:width\" content=\"1200\" \/>\n\t<meta property=\"og:image:height\" content=\"630\" \/>\n\t<meta property=\"og:image:type\" content=\"image\/jpeg\" \/>\n<meta name=\"twitter:card\" content=\"summary_large_image\" \/>\n<!-- \/ Yoast SEO plugin. -->","yoast_head_json":{"title":"Kontakte | Zahnarztzentrum Frymburk","description":"Kontaktujte n\u00e1s pro v\u00edce informac\u00ed nebo objedn\u00e1n\u00ed na o\u0161et\u0159en\u00ed. E-mail: frymburkdent@seznam.cz, tel.: +420 773 883 777, Adresa: Jeron\u00fdmova 20\/27, 370 01 \u010cesk\u00e9 Bud\u011bjovice 6.","robots":{"index":"index","follow":"follow","max-snippet":"max-snippet:-1","max-image-preview":"max-image-preview:large","max-video-preview":"max-video-preview:-1"},"canonical":"https:\/\/www.frymburkdent.cz\/de\/kontakte\/","og_locale":"de_DE","og_type":"article","og_title":"Kontakte | Zahnarztzentrum Frymburk","og_description":"Kontaktujte n\u00e1s pro v\u00edce informac\u00ed nebo objedn\u00e1n\u00ed na o\u0161et\u0159en\u00ed. E-mail: frymburkdent@seznam.cz, tel.: +420 773 883 777, Adresa: Jeron\u00fdmova 20\/27, 370 01 \u010cesk\u00e9 Bud\u011bjovice 6.","og_url":"https:\/\/www.frymburkdent.cz\/de\/kontakte\/","og_site_name":"Zahnarztzentrum Frymburk","article_modified_time":"2025-10-15T12:12:11+00:00","og_image":[{"width":1200,"height":630,"url":"https:\/\/www.frymburkdent.cz\/wp-content\/uploads\/2025\/02\/OG-2.jpg","type":"image\/jpeg"}],"twitter_card":"summary_large_image","schema":{"@context":"https:\/\/schema.org","@graph":[{"@type":"WebPage","@id":"https:\/\/www.frymburkdent.cz\/de\/kontakte\/","url":"https:\/\/www.frymburkdent.cz\/de\/kontakte\/","name":"Kontakte | Zahnarztzentrum Frymburk","isPartOf":{"@id":"https:\/\/www.frymburkdent.cz\/de\/#website"},"datePublished":"2025-02-10T17:10:20+00:00","dateModified":"2025-10-15T12:12:11+00:00","description":"Kontaktujte n\u00e1s pro v\u00edce informac\u00ed nebo objedn\u00e1n\u00ed na o\u0161et\u0159en\u00ed. E-mail: frymburkdent@seznam.cz, tel.: +420 773 883 777, Adresa: Jeron\u00fdmova 20\/27, 370 01 \u010cesk\u00e9 Bud\u011bjovice 6.","breadcrumb":{"@id":"https:\/\/www.frymburkdent.cz\/de\/kontakte\/#breadcrumb"},"inLanguage":"de","potentialAction":[{"@type":"ReadAction","target":["https:\/\/www.frymburkdent.cz\/de\/kontakte\/"]}]},{"@type":"BreadcrumbList","@id":"https:\/\/www.frymburkdent.cz\/de\/kontakte\/#breadcrumb","itemListElement":[{"@type":"ListItem","position":1,"name":"\u00davod","item":"https:\/\/www.frymburkdent.cz\/de\/"},{"@type":"ListItem","position":2,"name":"Kontakte"}]},{"@type":"WebSite","@id":"https:\/\/www.frymburkdent.cz\/de\/#website","url":"https:\/\/www.frymburkdent.cz\/de\/","name":"Dent\u00e1ln\u00ed centrum Frymburk","description":"","publisher":{"@id":"https:\/\/www.frymburkdent.cz\/de\/#organization"},"potentialAction":[{"@type":"SearchAction","target":{"@type":"EntryPoint","urlTemplate":"https:\/\/www.frymburkdent.cz\/de\/?s={search_term_string}"},"query-input":{"@type":"PropertyValueSpecification","valueRequired":true,"valueName":"search_term_string"}}],"inLanguage":"de"},{"@type":"Organization","@id":"https:\/\/www.frymburkdent.cz\/de\/#organization","name":"Zahnarztzentrum Frymburk","url":"https:\/\/www.frymburkdent.cz\/de\/","logo":{"@type":"ImageObject","inLanguage":"de","@id":"https:\/\/www.frymburkdent.cz\/de\/#\/schema\/logo\/image\/","url":"https:\/\/www.frymburkdent.cz\/wp-content\/uploads\/2025\/02\/logo-1x_720.png","contentUrl":"https:\/\/www.frymburkdent.cz\/wp-content\/uploads\/2025\/02\/logo-1x_720.png","width":720,"height":600,"caption":"Zahnarztzentrum Frymburk"},"image":{"@id":"https:\/\/www.frymburkdent.cz\/de\/#\/schema\/logo\/image\/"}}]}},"_links":{"self":[{"href":"https:\/\/www.frymburkdent.cz\/de\/wp-json\/wp\/v2\/pages\/322","targetHints":{"allow":["GET"]}}],"collection":[{"href":"https:\/\/www.frymburkdent.cz\/de\/wp-json\/wp\/v2\/pages"}],"about":[{"href":"https:\/\/www.frymburkdent.cz\/de\/wp-json\/wp\/v2\/types\/page"}],"author":[{"embeddable":true,"href":"https:\/\/www.frymburkdent.cz\/de\/wp-json\/wp\/v2\/users\/1"}],"replies":[{"embeddable":true,"href":"https:\/\/www.frymburkdent.cz\/de\/wp-json\/wp\/v2\/comments?post=322"}],"version-history":[{"count":2,"href":"https:\/\/www.frymburkdent.cz\/de\/wp-json\/wp\/v2\/pages\/322\/revisions"}],"predecessor-version":[{"id":473,"href":"https:\/\/www.frymburkdent.cz\/de\/wp-json\/wp\/v2\/pages\/322\/revisions\/473"}],"wp:attachment":[{"href":"https:\/\/www.frymburkdent.cz\/de\/wp-json\/wp\/v2\/media?parent=322"}],"curies":[{"name":"wp","href":"https:\/\/api.w.org\/{rel}","templated":true}]}}