{"id":320,"date":"2025-02-04T11:02:48","date_gmt":"2025-02-04T10:02:48","guid":{"rendered":"https:\/\/www.frymburkdent.cz\/frymburkdent\/"},"modified":"2025-10-15T14:11:46","modified_gmt":"2025-10-15T12:11:46","slug":"frymburkdent","status":"publish","type":"page","link":"https:\/\/www.frymburkdent.cz\/de\/","title":{"rendered":"Frymburkdent"},"content":{"rendered":"","protected":false},"excerpt":{"rendered":"","protected":false},"author":1,"featured_media":0,"parent":0,"menu_order":0,"comment_status":"closed","ping_status":"closed","template":"pages\/page-blocks.php","meta":{"footnotes":""},"class_list":["post-320","page","type-page","status-publish","hentry"],"yoast_head":"<!-- This site is optimized with the Yoast SEO plugin v25.6 - https:\/\/yoast.com\/wordpress\/plugins\/seo\/ -->\n<title>Frymburkdent | Zahnarztzentrum Frymburk<\/title>\n<meta name=\"description\" content=\"Das moderne Dentalzentrum in Frymburk bietet erstklassige Pflege f\u00fcr Ihr L\u00e4cheln. Vereinbaren Sie noch heute einen Termin f\u00fcr eine professionelle zahn\u00e4rztliche Behandlung!\" \/>\n<meta name=\"robots\" content=\"index, follow, max-snippet:-1, max-image-preview:large, max-video-preview:-1\" \/>\n<link rel=\"canonical\" href=\"https:\/\/www.frymburkdent.cz\/de\/\" \/>\n<meta property=\"og:locale\" content=\"de_DE\" \/>\n<meta property=\"og:type\" content=\"article\" \/>\n<meta property=\"og:title\" content=\"Frymburkdent | Zahnarztzentrum Frymburk\" \/>\n<meta property=\"og:description\" content=\"Das moderne Dentalzentrum in Frymburk bietet erstklassige Pflege f\u00fcr Ihr L\u00e4cheln. Vereinbaren Sie noch heute einen Termin f\u00fcr eine professionelle zahn\u00e4rztliche Behandlung!\" \/>\n<meta property=\"og:url\" content=\"https:\/\/www.frymburkdent.cz\/de\/\" \/>\n<meta property=\"og:site_name\" content=\"Zahnarztzentrum Frymburk\" \/>\n<meta property=\"article:modified_time\" content=\"2025-10-15T12:11:46+00:00\" \/>\n<meta property=\"og:image\" content=\"https:\/\/www.frymburkdent.cz\/wp-content\/uploads\/2025\/02\/OG-2-1024x538.jpg\" \/>\n<meta name=\"twitter:card\" content=\"summary_large_image\" \/>\n<!-- \/ Yoast SEO plugin. -->","yoast_head_json":{"title":"Frymburkdent | Zahnarztzentrum Frymburk","description":"Das moderne Dentalzentrum in Frymburk bietet erstklassige Pflege f\u00fcr Ihr L\u00e4cheln. Vereinbaren Sie noch heute einen Termin f\u00fcr eine professionelle zahn\u00e4rztliche Behandlung!","robots":{"index":"index","follow":"follow","max-snippet":"max-snippet:-1","max-image-preview":"max-image-preview:large","max-video-preview":"max-video-preview:-1"},"canonical":"https:\/\/www.frymburkdent.cz\/de\/","og_locale":"de_DE","og_type":"article","og_title":"Frymburkdent | Zahnarztzentrum Frymburk","og_description":"Das moderne Dentalzentrum in Frymburk bietet erstklassige Pflege f\u00fcr Ihr L\u00e4cheln. Vereinbaren Sie noch heute einen Termin f\u00fcr eine professionelle zahn\u00e4rztliche Behandlung!","og_url":"https:\/\/www.frymburkdent.cz\/de\/","og_site_name":"Zahnarztzentrum Frymburk","article_modified_time":"2025-10-15T12:11:46+00:00","og_image":[{"url":"https:\/\/www.frymburkdent.cz\/wp-content\/uploads\/2025\/02\/OG-2-1024x538.jpg","type":"","width":"","height":""}],"twitter_card":"summary_large_image","schema":{"@context":"https:\/\/schema.org","@graph":[{"@type":"WebPage","@id":"https:\/\/www.frymburkdent.cz\/de\/","url":"https:\/\/www.frymburkdent.cz\/de\/","name":"Frymburkdent | Zahnarztzentrum Frymburk","isPartOf":{"@id":"https:\/\/www.frymburkdent.cz\/de\/#website"},"datePublished":"2025-02-04T10:02:48+00:00","dateModified":"2025-10-15T12:11:46+00:00","description":"Das moderne Dentalzentrum in Frymburk bietet erstklassige Pflege f\u00fcr Ihr L\u00e4cheln. Vereinbaren Sie noch heute einen Termin f\u00fcr eine professionelle zahn\u00e4rztliche Behandlung!","breadcrumb":{"@id":"https:\/\/www.frymburkdent.cz\/de\/#breadcrumb"},"inLanguage":"de","potentialAction":[{"@type":"ReadAction","target":["https:\/\/www.frymburkdent.cz\/de\/"]}]},{"@type":"BreadcrumbList","@id":"https:\/\/www.frymburkdent.cz\/de\/#breadcrumb","itemListElement":[{"@type":"ListItem","position":1,"name":"\u00davod","item":"https:\/\/www.frymburkdent.cz\/de\/"},{"@type":"ListItem","position":2,"name":"Frymburkdent"}]},{"@type":"WebSite","@id":"https:\/\/www.frymburkdent.cz\/de\/#website","url":"https:\/\/www.frymburkdent.cz\/de\/","name":"Dent\u00e1ln\u00ed centrum Frymburk","description":"","publisher":{"@id":"https:\/\/www.frymburkdent.cz\/de\/#organization"},"potentialAction":[{"@type":"SearchAction","target":{"@type":"EntryPoint","urlTemplate":"https:\/\/www.frymburkdent.cz\/de\/?s={search_term_string}"},"query-input":{"@type":"PropertyValueSpecification","valueRequired":true,"valueName":"search_term_string"}}],"inLanguage":"de"},{"@type":"Organization","@id":"https:\/\/www.frymburkdent.cz\/de\/#organization","name":"Zahnarztzentrum Frymburk","url":"https:\/\/www.frymburkdent.cz\/de\/","logo":{"@type":"ImageObject","inLanguage":"de","@id":"https:\/\/www.frymburkdent.cz\/de\/#\/schema\/logo\/image\/","url":"https:\/\/www.frymburkdent.cz\/wp-content\/uploads\/2025\/02\/logo-1x_720.png","contentUrl":"https:\/\/www.frymburkdent.cz\/wp-content\/uploads\/2025\/02\/logo-1x_720.png","width":720,"height":600,"caption":"Zahnarztzentrum Frymburk"},"image":{"@id":"https:\/\/www.frymburkdent.cz\/de\/#\/schema\/logo\/image\/"}}]}},"_links":{"self":[{"href":"https:\/\/www.frymburkdent.cz\/de\/wp-json\/wp\/v2\/pages\/320","targetHints":{"allow":["GET"]}}],"collection":[{"href":"https:\/\/www.frymburkdent.cz\/de\/wp-json\/wp\/v2\/pages"}],"about":[{"href":"https:\/\/www.frymburkdent.cz\/de\/wp-json\/wp\/v2\/types\/page"}],"author":[{"embeddable":true,"href":"https:\/\/www.frymburkdent.cz\/de\/wp-json\/wp\/v2\/users\/1"}],"replies":[{"embeddable":true,"href":"https:\/\/www.frymburkdent.cz\/de\/wp-json\/wp\/v2\/comments?post=320"}],"version-history":[{"count":2,"href":"https:\/\/www.frymburkdent.cz\/de\/wp-json\/wp\/v2\/pages\/320\/revisions"}],"predecessor-version":[{"id":472,"href":"https:\/\/www.frymburkdent.cz\/de\/wp-json\/wp\/v2\/pages\/320\/revisions\/472"}],"wp:attachment":[{"href":"https:\/\/www.frymburkdent.cz\/de\/wp-json\/wp\/v2\/media?parent=320"}],"curies":[{"name":"wp","href":"https:\/\/api.w.org\/{rel}","templated":true}]}}