{"id":318,"date":"2025-02-10T18:08:33","date_gmt":"2025-02-10T17:08:33","guid":{"rendered":"https:\/\/www.frymburkdent.cz\/cenik\/"},"modified":"2025-10-15T14:11:08","modified_gmt":"2025-10-15T12:11:08","slug":"preisliste","status":"publish","type":"page","link":"https:\/\/www.frymburkdent.cz\/de\/preisliste\/","title":{"rendered":"Preisliste"},"content":{"rendered":"<div class=\"table-responsive\"><table style=\"border-collapse: collapse; width: 100%; height: 1440px;\">\n<tbody>\n<tr style=\"height: 72px;\">\n<td style=\"width: 33.8461%; height: 72px;\">Erstuntersuchung, OPG-Aufnahme und Erstellung eines Behandlungsplans<\/td>\n<td style=\"width: 32.8205%; height: 72px;\">Von der Krankenkasse \u00fcbernommen<\/td>\n<td style=\"width: 33.3333%; height: 72px;\">1000 K\u010d Selbstzahler<\/td>\n<\/tr>\n<tr style=\"height: 24px;\">\n<td style=\"width: 33.8461%; height: 24px;\">Vorsorgeuntersuchung<\/td>\n<td style=\"width: 32.8205%; height: 24px;\">Von der Krankenkasse \u00fcbernommen<\/td>\n<td style=\"width: 33.3333%; height: 24px;\">500 K\u010d Selbstzahler<\/td>\n<\/tr>\n<tr style=\"height: 24px;\">\n<td style=\"width: 33.8461%; height: 24px;\">Digitales R\u00f6ntgen<\/td>\n<td style=\"width: 32.8205%; height: 24px;\">Von der Krankenkasse \u00fcbernommen<\/td>\n<td style=\"width: 33.3333%; height: 24px;\">250 K\u010d Selbstzahler<\/td>\n<\/tr>\n<tr style=\"height: 24px;\">\n<td style=\"width: 33.8461%; height: 24px;\">Panorama-R\u00f6ntgenaufnahme (OPG)<\/td>\n<td style=\"width: 32.8205%; height: 24px;\">Von der Krankenkasse \u00fcbernommen<\/td>\n<td style=\"width: 33.3333%; height: 24px;\">500 K\u010d Selbstzahler<\/td>\n<\/tr>\n<tr style=\"height: 48px;\">\n<td style=\"width: 33.8461%; height: 48px;\">3D-CBCT-R\u00f6ntgen (Axeos Dentsply Sirona, Deutschland)<\/td>\n<td style=\"width: 32.8205%; height: 48px;\">\u00a0&#8211;<\/td>\n<td style=\"width: 33.3333%; height: 48px;\">1000 K\u010d<\/td>\n<\/tr>\n<tr style=\"height: 24px;\">\n<td style=\"width: 33.8461%; height: 24px;\">Infiltrationsan\u00e4sthesie, Leitungsan\u00e4sthesie<\/td>\n<td style=\"width: 32.8205%; height: 24px;\">Von der Krankenkasse \u00fcbernommen<\/td>\n<td style=\"width: 33.3333%; height: 24px;\">250 K\u010d Selbstzahler<\/td>\n<\/tr>\n<tr style=\"height: 24px;\">\n<td style=\"width: 33.8461%; height: 24px;\">Zahnextraktion Prostata<\/td>\n<td style=\"width: 32.8205%; height: 24px;\">Von der Krankenkasse \u00fcbernommen<\/td>\n<td style=\"width: 33.3333%; height: 24px;\">1000 K\u010d Selbstzahler<\/td>\n<\/tr>\n<tr style=\"height: 24px;\">\n<td style=\"width: 33.8461%; height: 24px;\">Chirurgische Zahnextraktion<\/td>\n<td style=\"width: 32.8205%; height: 24px;\">Von der Krankenkasse \u00fcbernommen<\/td>\n<td style=\"width: 33.3333%; height: 24px;\">2000 K\u010d Selbstzahler<\/td>\n<\/tr>\n<tr style=\"height: 24px;\">\n<td style=\"width: 33.8461%; height: 24px;\">F\u00fcllung wei\u00df \u2013 Fotokomposit GC G-aenial (Japan)<\/td>\n<td style=\"width: 32.8205%; height: 24px;\"><\/td>\n<td style=\"width: 33.3333%; height: 24px;\"><\/td>\n<\/tr>\n<tr style=\"height: 24px;\">\n<td style=\"width: 33.8461%; height: 24px;\">&#8211; Hals<\/td>\n<td style=\"width: 32.8205%; height: 24px;\"><\/td>\n<td style=\"width: 33.3333%; height: 24px;\">1500 K\u010d<\/td>\n<\/tr>\n<tr style=\"height: 24px;\">\n<td style=\"width: 33.8461%; height: 24px;\">&#8211; 1-Platte<\/td>\n<td style=\"width: 32.8205%; height: 24px;\"><\/td>\n<td style=\"width: 33.3333%; height: 24px;\">2000 K\u010d<\/td>\n<\/tr>\n<tr style=\"height: 24px;\">\n<td style=\"width: 33.8461%; height: 24px;\">&#8211; 2-Platten<\/td>\n<td style=\"width: 32.8205%; height: 24px;\"><\/td>\n<td style=\"width: 33.3333%; height: 24px;\">2500 K\u010d<\/td>\n<\/tr>\n<tr style=\"height: 24px;\">\n<td style=\"width: 33.8461%; height: 24px;\">&#8211; 3-Platten<\/td>\n<td style=\"width: 32.8205%; height: 24px;\"><\/td>\n<td style=\"width: 33.3333%; height: 24px;\"><\/td>\n<\/tr>\n<tr style=\"height: 48px;\">\n<td style=\"width: 33.8461%; height: 48px;\">\u00c4sthetische Fotokompensation im Frontbereich<\/td>\n<td style=\"width: 32.8205%; height: 48px;\"><\/td>\n<td style=\"width: 33.3333%; height: 48px;\">3000 K\u010d<\/td>\n<\/tr>\n<tr style=\"height: 24px;\">\n<td style=\"width: 33.8461%; height: 24px;\">Umfangreicher Anbau einschlie\u00dflich FRC-Zapfen<\/td>\n<td style=\"width: 32.8205%; height: 24px;\"><\/td>\n<td style=\"width: 33.3333%; height: 24px;\">2500 K\u010d<\/td>\n<\/tr>\n<tr style=\"height: 72px;\">\n<td style=\"width: 33.8461%; height: 72px;\">Provisorische Endodontie (Reinigung der Kan\u00e4le und Desinfektionsf\u00fcllung) \u2013 Preis pro Kanal<\/td>\n<td style=\"width: 32.8205%; height: 72px;\"><\/td>\n<td style=\"width: 33.3333%; height: 72px;\">1500 k\u010d.<\/td>\n<\/tr>\n<tr style=\"height: 96px;\">\n<td style=\"width: 33.8461%; height: 96px;\">Definitive Endodontie (F\u00fcllung der Kan\u00e4le, Biokeramik) \u2013 Preis pro einen Kanal<\/td>\n<td style=\"width: 32.8205%; height: 96px;\"><\/td>\n<td style=\"width: 33.3333%; height: 96px;\">1500 K\u010d<\/td>\n<\/tr>\n<tr style=\"height: 48px;\">\n<td style=\"width: 33.8461%; height: 48px;\">Vollkeramikkrone, Inlay, Onlay, Overlay (IPS e.max)<\/td>\n<td style=\"width: 32.8205%; height: 48px;\"><\/td>\n<td style=\"width: 33.3333%; height: 48px;\">12000 K\u010d<\/td>\n<\/tr>\n<tr style=\"height: 24px;\">\n<td style=\"width: 33.8461%; height: 24px;\">Keramikverblendung (IPS e.max)<\/td>\n<td style=\"width: 32.8205%; height: 24px;\"><\/td>\n<td style=\"width: 33.3333%; height: 24px;\">12000 K\u010d<\/td>\n<\/tr>\n<tr style=\"height: 48px;\">\n<td style=\"width: 33.8461%; height: 48px;\">Vollkeramikkrone (Zirkonoxid)<\/td>\n<td style=\"width: 32.8205%; height: 48px;\"><\/td>\n<td style=\"width: 33.3333%; height: 48px;\">10000 K\u010d<\/td>\n<\/tr>\n<tr style=\"height: 48px;\">\n<td style=\"width: 33.8461%; height: 48px;\">Implantatkrone (Osstem, INNO) \u2013 Zirkonoxid<\/td>\n<td style=\"width: 32.8205%; height: 48px;\"><\/td>\n<td style=\"width: 33.3333%; height: 48px;\">12000 K\u010d<\/td>\n<\/tr>\n<tr style=\"height: 48px;\">\n<td style=\"width: 33.8461%; height: 48px;\">Implantatkrone (Neodent Straumann) \u2013 Zirkonoxid<\/td>\n<td style=\"width: 32.8205%; height: 48px;\"><\/td>\n<td style=\"width: 33.3333%; height: 48px;\">15000 K\u010d<\/td>\n<\/tr>\n<tr style=\"height: 72px;\">\n<td style=\"width: 33.8461%; height: 72px;\">Implantation (Osstem, INNO) einschlie\u00dflich Abdeckschraube oder Einheilungszylinder<\/td>\n<td style=\"width: 32.8205%; height: 72px;\"><\/td>\n<td style=\"width: 33.3333%; height: 72px;\">15000 K\u010d<\/td>\n<\/tr>\n<tr style=\"height: 96px;\">\n<td style=\"width: 33.8461%; height: 96px;\">Implantation (Neodent Straumann) einschlie\u00dflich Abdeckschraube oder Einheilkappe<\/td>\n<td style=\"width: 32.8205%; height: 96px;\"><\/td>\n<td style=\"width: 33.3333%; height: 96px;\">18000 K\u010d<\/td>\n<\/tr>\n<tr style=\"height: 24px;\">\n<td style=\"width: 33.8461%; height: 24px;\">Sinuslift<\/td>\n<td style=\"width: 32.8205%; height: 24px;\"><\/td>\n<td style=\"width: 33.3333%; height: 24px;\">ab 7000 K\u010d<\/td>\n<\/tr>\n<tr style=\"height: 24px;\">\n<td style=\"width: 33.8461%; height: 24px;\">Augmentation des Kieferknochens<\/td>\n<td style=\"width: 32.8205%; height: 24px;\"><\/td>\n<td style=\"width: 33.3333%; height: 24px;\">ab 7000 K\u010d.<\/td>\n<\/tr>\n<tr style=\"height: 24px;\">\n<td style=\"width: 33.8461%; height: 24px;\">ALL-on-4 (4 Implantate, Multi-Abutments, provisorischer Ersatz aus PMMA) \u2013 1 Stufe.<\/td>\n<td style=\"width: 32.8205%; height: 24px;\"><\/td>\n<td style=\"width: 33.3333%; height: 24px;\">90000 K\u010d<\/td>\n<\/tr>\n<tr style=\"height: 24px;\">\n<td style=\"width: 33.8461%; height: 24px;\">ALL-on-4 (Endg\u00fcltiger Ersatz \u2013 Titanb\u00fcgel und Zahnzirkon) \u2013 2 Stufen.<\/td>\n<td style=\"width: 32.8205%; height: 24px;\"><\/td>\n<td style=\"width: 33.3333%; height: 24px;\">70000 K\u010d<\/td>\n<\/tr>\n<tr style=\"height: 24px;\">\n<td style=\"width: 33.8461%; height: 24px;\">ALL-on-6 (6 Implantate, Multi-Abutments, provisorischer Ersatz aus PMMA) \u2013 1 Stufe.<\/td>\n<td style=\"width: 32.8205%; height: 24px;\"><\/td>\n<td style=\"width: 33.3333%; height: 24px;\">110000 K\u010d<\/td>\n<\/tr>\n<tr style=\"height: 48px;\">\n<td style=\"width: 33.8461%; height: 48px;\">ALL-on-6 (Endg\u00fcltiger Ersatz \u2013 Titanb\u00fcgel und Zahnzirkon) \u2013 2 Stufen.<\/td>\n<td style=\"width: 32.8205%; height: 48px;\"><\/td>\n<td style=\"width: 33.3333%; height: 48px;\">80000 K\u010d<\/td>\n<\/tr>\n<tr style=\"height: 48px;\">\n<td style=\"width: 33.8461%; height: 48px;\">Analgosedierung mit Midazolam unter Aufsicht eines An\u00e4sthesisten (innerhalb einer Stunde)<\/td>\n<td style=\"width: 32.8205%; height: 48px;\"><\/td>\n<td style=\"width: 33.3333%; height: 48px;\">4000 k\u010d.<\/td>\n<\/tr>\n<tr style=\"height: 24px;\">\n<td style=\"width: 33.8461%; height: 24px;\">\u00c4sthetischer Ersatz DEFLEX (flexible Prothese)<\/td>\n<td style=\"width: 32.8205%; height: 24px;\"><\/td>\n<td style=\"width: 33.3333%; height: 24px;\">12000 k\u010d<\/td>\n<\/tr>\n<tr style=\"height: 24px;\">\n<td style=\"width: 33.8461%; height: 24px;\">Skelettersatz (Metallklammern)<\/td>\n<td style=\"width: 32.8205%; height: 24px;\"><\/td>\n<td style=\"width: 33.3333%; height: 24px;\">12000 k\u010d<\/td>\n<\/tr>\n<tr style=\"height: 24px;\">\n<td style=\"width: 33.8461%; height: 24px;\">Skelettprothese (\u00e4sthetische Klammern)<\/td>\n<td style=\"width: 32.8205%; height: 24px;\"><\/td>\n<td style=\"width: 33.3333%; height: 24px;\">16000 k\u010d<\/td>\n<\/tr>\n<tr style=\"height: 72px;\">\n<td style=\"width: 33.8461%; height: 72px;\">Zahnaufhellung in der Praxis mit Opalescence Boost (USA), einschlie\u00dflich Zahnaufhellung f\u00fcr zu Hause \u2013 2 Schienen und\u00a0Tag- und Nacht-Gels<\/td>\n<td style=\"width: 32.8205%; height: 72px;\"><\/td>\n<td style=\"width: 33.3333%; height: 72px;\">8000 K\u010d<\/td>\n<\/tr>\n<tr style=\"height: 48px;\">\n<td style=\"width: 33.8461%; height: 48px;\">Opalescence-Zahnaufhellung f\u00fcr zu Hause (USA) \u2013 2 Schienen und 8 St\u00fcck Tages- und Nachtgel.<\/td>\n<td style=\"width: 32.8205%; height: 48px;\"><\/td>\n<td style=\"width: 33.3333%; height: 48px;\">5000 K\u010d<\/td>\n<\/tr>\n<tr style=\"height: 24px;\">\n<td style=\"width: 33.8461%; height: 24px;\">Komplette Zahnhygiene<\/td>\n<td style=\"width: 32.8205%; height: 24px;\"><\/td>\n<td style=\"width: 33.3333%; height: 24px;\">1800 K\u010d<\/td>\n<\/tr>\n<\/tbody>\n<\/table><\/div>\n","protected":false},"excerpt":{"rendered":"<p>Erstuntersuchung, OPG-Aufnahme und Erstellung eines Behandlungsplans Von der Krankenkasse \u00fcbernommen 1000 K\u010d Selbstzahler Vorsorgeuntersuchung Von der Krankenkasse \u00fcbernommen 500 K\u010d Selbstzahler Digitales R\u00f6ntgen Von der Krankenkasse \u00fcbernommen 250 K\u010d Selbstzahler Panorama-R\u00f6ntgenaufnahme (OPG) Von der Krankenkasse \u00fcbernommen 500 K\u010d Selbstzahler 3D-CBCT-R\u00f6ntgen (Axeos Dentsply Sirona, Deutschland) \u00a0&#8211; 1000 K\u010d Infiltrationsan\u00e4sthesie, Leitungsan\u00e4sthesie Von der Krankenkasse \u00fcbernommen 250 K\u010d&#8230;<\/p>\n","protected":false},"author":1,"featured_media":0,"parent":0,"menu_order":0,"comment_status":"closed","ping_status":"closed","template":"pages\/page-blocks.php","meta":{"footnotes":""},"class_list":["post-318","page","type-page","status-publish","hentry"],"yoast_head":"<!-- This site is optimized with the Yoast SEO plugin v25.6 - https:\/\/yoast.com\/wordpress\/plugins\/seo\/ -->\n<title>Preisliste | Zahnarztzentrum Frymburk<\/title>\n<meta name=\"description\" content=\"Pod\u00edvejte se na cen\u00edk stomatologick\u00fdch slu\u017eeb v Dent\u00e1ln\u00edm centru Frymburk. Kvalitn\u00ed p\u00e9\u010de o v\u00e1\u0161 \u00fasm\u011bv za f\u00e9rov\u00e9 ceny.\" \/>\n<meta name=\"robots\" content=\"index, follow, max-snippet:-1, max-image-preview:large, max-video-preview:-1\" \/>\n<link rel=\"canonical\" href=\"https:\/\/www.frymburkdent.cz\/de\/preisliste\/\" \/>\n<meta property=\"og:locale\" content=\"de_DE\" \/>\n<meta property=\"og:type\" content=\"article\" \/>\n<meta property=\"og:title\" content=\"Preisliste | Zahnarztzentrum Frymburk\" \/>\n<meta property=\"og:description\" content=\"Pod\u00edvejte se na cen\u00edk stomatologick\u00fdch slu\u017eeb v Dent\u00e1ln\u00edm centru Frymburk. Kvalitn\u00ed p\u00e9\u010de o v\u00e1\u0161 \u00fasm\u011bv za f\u00e9rov\u00e9 ceny.\" \/>\n<meta property=\"og:url\" content=\"https:\/\/www.frymburkdent.cz\/de\/preisliste\/\" \/>\n<meta property=\"og:site_name\" content=\"Zahnarztzentrum Frymburk\" \/>\n<meta property=\"article:modified_time\" content=\"2025-10-15T12:11:08+00:00\" \/>\n<meta property=\"og:image\" content=\"https:\/\/www.frymburkdent.cz\/wp-content\/uploads\/2025\/02\/OG-2.jpg\" \/>\n\t<meta property=\"og:image:width\" content=\"1200\" \/>\n\t<meta property=\"og:image:height\" content=\"630\" \/>\n\t<meta property=\"og:image:type\" content=\"image\/jpeg\" \/>\n<meta name=\"twitter:card\" content=\"summary_large_image\" \/>\n<meta name=\"twitter:label1\" content=\"Gesch\u00e4tzte Lesezeit\" \/>\n\t<meta name=\"twitter:data1\" content=\"2\u00a0Minuten\" \/>\n<!-- \/ Yoast SEO plugin. -->","yoast_head_json":{"title":"Preisliste | Zahnarztzentrum Frymburk","description":"Pod\u00edvejte se na cen\u00edk stomatologick\u00fdch slu\u017eeb v Dent\u00e1ln\u00edm centru Frymburk. Kvalitn\u00ed p\u00e9\u010de o v\u00e1\u0161 \u00fasm\u011bv za f\u00e9rov\u00e9 ceny.","robots":{"index":"index","follow":"follow","max-snippet":"max-snippet:-1","max-image-preview":"max-image-preview:large","max-video-preview":"max-video-preview:-1"},"canonical":"https:\/\/www.frymburkdent.cz\/de\/preisliste\/","og_locale":"de_DE","og_type":"article","og_title":"Preisliste | Zahnarztzentrum Frymburk","og_description":"Pod\u00edvejte se na cen\u00edk stomatologick\u00fdch slu\u017eeb v Dent\u00e1ln\u00edm centru Frymburk. Kvalitn\u00ed p\u00e9\u010de o v\u00e1\u0161 \u00fasm\u011bv za f\u00e9rov\u00e9 ceny.","og_url":"https:\/\/www.frymburkdent.cz\/de\/preisliste\/","og_site_name":"Zahnarztzentrum Frymburk","article_modified_time":"2025-10-15T12:11:08+00:00","og_image":[{"width":1200,"height":630,"url":"https:\/\/www.frymburkdent.cz\/wp-content\/uploads\/2025\/02\/OG-2.jpg","type":"image\/jpeg"}],"twitter_card":"summary_large_image","twitter_misc":{"Gesch\u00e4tzte Lesezeit":"2\u00a0Minuten"},"schema":{"@context":"https:\/\/schema.org","@graph":[{"@type":"WebPage","@id":"https:\/\/www.frymburkdent.cz\/de\/preisliste\/","url":"https:\/\/www.frymburkdent.cz\/de\/preisliste\/","name":"Preisliste | Zahnarztzentrum Frymburk","isPartOf":{"@id":"https:\/\/www.frymburkdent.cz\/de\/#website"},"datePublished":"2025-02-10T17:08:33+00:00","dateModified":"2025-10-15T12:11:08+00:00","description":"Pod\u00edvejte se na cen\u00edk stomatologick\u00fdch slu\u017eeb v Dent\u00e1ln\u00edm centru Frymburk. Kvalitn\u00ed p\u00e9\u010de o v\u00e1\u0161 \u00fasm\u011bv za f\u00e9rov\u00e9 ceny.","breadcrumb":{"@id":"https:\/\/www.frymburkdent.cz\/de\/preisliste\/#breadcrumb"},"inLanguage":"de","potentialAction":[{"@type":"ReadAction","target":["https:\/\/www.frymburkdent.cz\/de\/preisliste\/"]}]},{"@type":"BreadcrumbList","@id":"https:\/\/www.frymburkdent.cz\/de\/preisliste\/#breadcrumb","itemListElement":[{"@type":"ListItem","position":1,"name":"\u00davod","item":"https:\/\/www.frymburkdent.cz\/de\/"},{"@type":"ListItem","position":2,"name":"Preisliste"}]},{"@type":"WebSite","@id":"https:\/\/www.frymburkdent.cz\/de\/#website","url":"https:\/\/www.frymburkdent.cz\/de\/","name":"Dent\u00e1ln\u00ed centrum Frymburk","description":"","publisher":{"@id":"https:\/\/www.frymburkdent.cz\/de\/#organization"},"potentialAction":[{"@type":"SearchAction","target":{"@type":"EntryPoint","urlTemplate":"https:\/\/www.frymburkdent.cz\/de\/?s={search_term_string}"},"query-input":{"@type":"PropertyValueSpecification","valueRequired":true,"valueName":"search_term_string"}}],"inLanguage":"de"},{"@type":"Organization","@id":"https:\/\/www.frymburkdent.cz\/de\/#organization","name":"Zahnarztzentrum Frymburk","url":"https:\/\/www.frymburkdent.cz\/de\/","logo":{"@type":"ImageObject","inLanguage":"de","@id":"https:\/\/www.frymburkdent.cz\/de\/#\/schema\/logo\/image\/","url":"https:\/\/www.frymburkdent.cz\/wp-content\/uploads\/2025\/02\/logo-1x_720.png","contentUrl":"https:\/\/www.frymburkdent.cz\/wp-content\/uploads\/2025\/02\/logo-1x_720.png","width":720,"height":600,"caption":"Zahnarztzentrum Frymburk"},"image":{"@id":"https:\/\/www.frymburkdent.cz\/de\/#\/schema\/logo\/image\/"}}]}},"_links":{"self":[{"href":"https:\/\/www.frymburkdent.cz\/de\/wp-json\/wp\/v2\/pages\/318","targetHints":{"allow":["GET"]}}],"collection":[{"href":"https:\/\/www.frymburkdent.cz\/de\/wp-json\/wp\/v2\/pages"}],"about":[{"href":"https:\/\/www.frymburkdent.cz\/de\/wp-json\/wp\/v2\/types\/page"}],"author":[{"embeddable":true,"href":"https:\/\/www.frymburkdent.cz\/de\/wp-json\/wp\/v2\/users\/1"}],"replies":[{"embeddable":true,"href":"https:\/\/www.frymburkdent.cz\/de\/wp-json\/wp\/v2\/comments?post=318"}],"version-history":[{"count":4,"href":"https:\/\/www.frymburkdent.cz\/de\/wp-json\/wp\/v2\/pages\/318\/revisions"}],"predecessor-version":[{"id":470,"href":"https:\/\/www.frymburkdent.cz\/de\/wp-json\/wp\/v2\/pages\/318\/revisions\/470"}],"wp:attachment":[{"href":"https:\/\/www.frymburkdent.cz\/de\/wp-json\/wp\/v2\/media?parent=318"}],"curies":[{"name":"wp","href":"https:\/\/api.w.org\/{rel}","templated":true}]}}